{"id":66,"date":"2018-11-09T14:09:50","date_gmt":"2018-11-09T13:09:50","guid":{"rendered":"https:\/\/www.mcmuffin.de\/?page_id=66"},"modified":"2025-01-16T15:50:57","modified_gmt":"2025-01-16T14:50:57","slug":"einzelbuchstaben","status":"publish","type":"page","link":"https:\/\/www.mcmuffin.de\/index.php\/einzelbuchstaben\/","title":{"rendered":"Einzelbuchstaben"},"content":{"rendered":"<p>[et_pb_section fb_built=&#8220;1&#8243; admin_label=&#8220;section&#8220; _builder_version=&#8220;4.27.4&#8243; hover_enabled=&#8220;0&#8243; global_colors_info=&#8220;{}&#8220; custom_padding=&#8220;64px|||||&#8220; background_color=&#8220;#005E89&#8243; sticky_enabled=&#8220;0&#8243;][et_pb_row admin_label=&#8220;row&#8220; _builder_version=&#8220;4.16&#8243; background_size=&#8220;initial&#8220; background_position=&#8220;top_left&#8220; background_repeat=&#8220;repeat&#8220; global_colors_info=&#8220;{}&#8220;][et_pb_column type=&#8220;4_4&#8243; _builder_version=&#8220;4.16&#8243; custom_padding=&#8220;|||&#8220; global_colors_info=&#8220;{}&#8220; custom_padding__hover=&#8220;|||&#8220;][et_pb_text admin_label=&#8220;Text&#8220; _builder_version=&#8220;4.27.4&#8243; hover_enabled=&#8220;0&#8243; global_colors_info=&#8220;{}&#8220; sticky_enabled=&#8220;0&#8243; header_font_size=&#8220;3em&#8220;]<\/p>\n<h1><strong>Einzelbuchstaben<\/strong><\/h1>\n<p>&nbsp;<\/p>\n<p>[\/et_pb_text][et_pb_text admin_label=&#8220;Text&#8220; _builder_version=&#8220;4.27.4&#8243; hover_enabled=&#8220;0&#8243; global_colors_info=&#8220;{}&#8220; sticky_enabled=&#8220;0&#8243; header_2_font_size=&#8220;2em&#8220;]<\/p>\n<h2><strong>Buchstaben einzeln. Gefr\u00e4st, gelasert oder aus Folie<\/strong><\/h2>\n<p>&nbsp;<\/p>\n<p>[\/et_pb_text][et_pb_text admin_label=&#8220;Text&#8220; _builder_version=&#8220;4.27.4&#8243; hover_enabled=&#8220;0&#8243; global_colors_info=&#8220;{}&#8220; sticky_enabled=&#8220;0&#8243; text_font_size=&#8220;1em&#8220; text_letter_spacing=&#8220;0px&#8220; text_font=&#8220;Montserrat|500|||||||&#8220;]<\/p>\n<p><strong>Einzelbuchstaben<\/strong>\u00a0werden sowohl bei der anspruchsvollen Kennzeichnung oder Beschriftung verwendet. Die\u00a0<strong>Einzelbuchstaben<\/strong> k\u00f6nnen per laserschneiden, fr\u00e4sen oder mittels Schneideplotter aus den unterschiedlichsten Materialien gefertigt werden. Zur Anbringung der Einzelbuchstaben kommen je nach Material Schablonen oder \u00dcbertragungsfolien zum Einsatz. So ist man in der Lage die Einzelbuchstaben immer passgenau zu positionieren. Wir fertigen die Einzelbuchstaben auf modernen Maschinen in viele Materialien.<\/p>\n<p>&nbsp;<\/p>\n<p>[\/et_pb_text][\/et_pb_column][\/et_pb_row][et_pb_row admin_label=&#8220;row&#8220; _builder_version=&#8220;4.16&#8243; background_size=&#8220;initial&#8220; background_position=&#8220;top_left&#8220; background_repeat=&#8220;repeat&#8220; global_colors_info=&#8220;{}&#8220;][et_pb_column type=&#8220;4_4&#8243; _builder_version=&#8220;4.16&#8243; custom_padding=&#8220;|||&#8220; global_colors_info=&#8220;{}&#8220; custom_padding__hover=&#8220;|||&#8220;][et_pb_text admin_label=&#8220;Text&#8220; _builder_version=&#8220;4.27.4&#8243; hover_enabled=&#8220;0&#8243; global_colors_info=&#8220;{}&#8220; sticky_enabled=&#8220;0&#8243; header_2_font_size=&#8220;3em&#8220;]<\/p>\n<p>&nbsp;<\/p>\n<h2><strong>Einzelbuchstaben, Buchstaben einzeln\u00a0 aus Folie geschnitten<\/strong><\/h2>\n<p>[\/et_pb_text][et_pb_text admin_label=&#8220;Text&#8220; _builder_version=&#8220;4.27.4&#8243; hover_enabled=&#8220;0&#8243; global_colors_info=&#8220;{}&#8220; sticky_enabled=&#8220;0&#8243; text_font=&#8220;Montserrat|500|||||||&#8220; text_letter_spacing=&#8220;0px&#8220; text_font_size=&#8220;1em&#8220;]<\/p>\n<p>Diese Beschriftungss\u00e4tze kommen auch bei der Autobeschriftung zum Einsatz. Die\u00a0<strong>Einzelbuchstaben<\/strong>, Zahlen oder Logos werden mit dem Schneideplotter in Selbstklebefolien geschnitten. Nach dem Engittern bleiben nur die Einzelbuchstaben oder die Grafiken \u00fcbrig. Eine spezielle \u00dcbertragungsfolie sorgt f\u00fcr den genauen Stand. Nach dem Aufkleben kann man die \u00dcbertragungsfolie leicht wieder abziehen. Lediglich die Einzelbuchstaben bleiben stehen.<\/p>\n<p>&nbsp;<\/p>\n<p>&nbsp;<\/p>\n<p>[\/et_pb_text][\/et_pb_column][\/et_pb_row][et_pb_row admin_label=&#8220;row&#8220; _builder_version=&#8220;4.16&#8243; background_size=&#8220;initial&#8220; background_position=&#8220;top_left&#8220; background_repeat=&#8220;repeat&#8220; global_colors_info=&#8220;{}&#8220;][et_pb_column type=&#8220;4_4&#8243; _builder_version=&#8220;4.16&#8243; custom_padding=&#8220;|||&#8220; global_colors_info=&#8220;{}&#8220; custom_padding__hover=&#8220;|||&#8220;][et_pb_text admin_label=&#8220;Text&#8220; _builder_version=&#8220;4.27.4&#8243; hover_enabled=&#8220;0&#8243; global_colors_info=&#8220;{}&#8220; sticky_enabled=&#8220;0&#8243; header_2_font_size=&#8220;3em&#8220;]<\/p>\n<h2><strong>Einzelbuchstaben gefr\u00e4st<\/strong><\/h2>\n<p>[\/et_pb_text][et_pb_text admin_label=&#8220;Text&#8220; _builder_version=&#8220;4.27.4&#8243; hover_enabled=&#8220;0&#8243; global_colors_info=&#8220;{}&#8220; sticky_enabled=&#8220;0&#8243; custom_padding=&#8220;0px||0px|||&#8220; text_font=&#8220;Montserrat|500|||||||&#8220; text_letter_spacing=&#8220;0px&#8220; text_font_size=&#8220;1em&#8220;]<\/p>\n<p>Wir f\u00fchren Einzelbuchstaben auch als\u00a0<a href=\"https:\/\/www.mcmuffin.de\/content-Fraesbuchstaben-CNC-3D-Buchstaben-53.html\">Fr\u00e4sbuchstaben<\/a>\u00a0aus. Dabei wird per CNC Maschine der Buchstabe einzeln aus vielen fr\u00e4sbaren Materialien gefertigt. Die g\u00e4ngigsten Materialien sind dabei Holz, Acryl, Hartschaum oder Aluminium. Die Einzelbuchstaben werden mittels Schablone posizioniert und montiert. Auch hier sind beliebige Grafiken und Logos machbar. Zu beachten ist leidiglich der Fr\u00e4serradius, der besonders in spitzen Ecken und kleinen Gr\u00f6\u00dfen auff\u00e4llt.<\/p>\n<p>&nbsp;<\/p>\n<p>[\/et_pb_text][\/et_pb_column][\/et_pb_row][et_pb_row admin_label=&#8220;row&#8220; _builder_version=&#8220;4.16&#8243; background_size=&#8220;initial&#8220; background_position=&#8220;top_left&#8220; background_repeat=&#8220;repeat&#8220; global_colors_info=&#8220;{}&#8220;][et_pb_column type=&#8220;4_4&#8243; _builder_version=&#8220;4.16&#8243; custom_padding=&#8220;|||&#8220; global_colors_info=&#8220;{}&#8220; custom_padding__hover=&#8220;|||&#8220;][et_pb_text admin_label=&#8220;Text&#8220; _builder_version=&#8220;4.27.4&#8243; hover_enabled=&#8220;0&#8243; global_colors_info=&#8220;{}&#8220; sticky_enabled=&#8220;0&#8243; header_3_font_size=&#8220;2em&#8220;]<\/p>\n<p>&nbsp;<\/p>\n<h3><strong>Einzelbuchstaben gelasert<\/strong><\/h3>\n<p>&nbsp;<\/p>\n<p>[\/et_pb_text][et_pb_text admin_label=&#8220;Text&#8220; _builder_version=&#8220;4.27.4&#8243; hover_enabled=&#8220;0&#8243; global_colors_info=&#8220;{}&#8220; sticky_enabled=&#8220;0&#8243; text_font=&#8220;Montserrat|500|||||||&#8220; text_letter_spacing=&#8220;0px&#8220; text_font_size=&#8220;1em&#8220;]<\/p>\n<p>Schneiden per Laser bietet den Vorteil, da\u00df das Material ohne Kontakt bearbeitet wird. Es treten keine mechanischen Bearbeitungskr\u00e4fte auf.<\/p>\n<p>[\/et_pb_text][\/et_pb_column][\/et_pb_row][\/et_pb_section]<\/p>\n","protected":false},"excerpt":{"rendered":"<p>Einzelbuchstaben &nbsp;Buchstaben einzeln. Gefr\u00e4st, gelasert oder aus Folie &nbsp;Einzelbuchstaben\u00a0werden sowohl bei der anspruchsvollen Kennzeichnung oder Beschriftung verwendet. Die\u00a0Einzelbuchstaben k\u00f6nnen per laserschneiden, fr\u00e4sen oder mittels Schneideplotter aus den unterschiedlichsten Materialien gefertigt werden. Zur Anbringung der Einzelbuchstaben kommen je nach Material Schablonen oder \u00dcbertragungsfolien zum Einsatz. So ist man in der Lage die Einzelbuchstaben immer passgenau zu [&hellip;]<\/p>\n","protected":false},"author":1,"featured_media":0,"parent":0,"menu_order":0,"comment_status":"closed","ping_status":"closed","template":"","meta":{"_et_pb_use_builder":"on","_et_pb_old_content":"<h1><strong>Einzelbuchstaben<\/strong><\/h1>\r\n<h2><strong>Buchstaben einzeln. Gefr\u00e4st, gelasert oder aus Folie<\/strong><\/h2>\r\n<strong>Einzelbuchstaben<\/strong>\u00a0werden sowohl bei der anspruchsvollen Kennzeichnung oder Beschriftung verwendet. Die\u00a0<strong>Einzelbuchstaben<\/strong>\u00a0k\u00f6nnen per laserschneiden, fr\u00e4sen oder mittels Schneideplotter aus den unterschiedlichsten Materialien gefertigt werden. Zur Anbringung der Einzelbuchstaben kommen je nach Material Schablonen oder \u00dcbertragungsfolien zum Einsatz. So ist man in der Lage die Einzelbuchstaben immer passgenau zu positionieren. Wir fertigen die Einzelbuchstaben auf modernen Maschinen in viele Materialien.\r\n\r\n&nbsp;\r\n<h2><strong>Einzelbuchstaben, Buchstaben einzeln\u00a0 aus Folie geschnitten<\/strong><\/h2>\r\nDiese Beschriftungss\u00e4tze kommen auch bei der Autobeschriftung zum Einsatz. Die\u00a0<strong>Einzelbuchstaben<\/strong>, Zahlen oder Logos werden mit dem Schneideplotter in Selbstklebefolien geschnitten. Nach dem Engittern bleiben nur die Einzelbuchstaben oder die Grafiken \u00fcbrig. Eine spezielle \u00dcbertragungsfolie sorgt f\u00fcr den genauen Stand. Nach dem Aufkleben kann man die \u00dcbertragungsfolie leicht wieder abziehen. Lediglich die Einzelbuchstaben bleiben stehen.\r\n\r\n&nbsp;\r\n<h2><strong>Einzelbuchstaben gefr\u00e4st<\/strong><\/h2>\r\nWir f\u00fchren Einzelbuchstaben auch als\u00a0<a href=\"https:\/\/www.mcmuffin.de\/content-Fraesbuchstaben-CNC-3D-Buchstaben-53.html\">Fr\u00e4sbuchstaben<\/a>\u00a0aus. Dabei wird per CNC Maschine der Buchstabe einzeln aus vielen fr\u00e4sbaren Materialien gefertigt. Die g\u00e4ngigsten Materialien sind dabei Holz, Acryl, Hartschaum oder Aluminium. Die Einzelbuchstaben werden mittels Schablone posizioniert und montiert. Auch hier sind beliebige Grafiken und Logos machbar. Zu beachten ist leidiglich der Fr\u00e4serradius, der besonders in spitzen Ecken und kleinen Gr\u00f6\u00dfen auff\u00e4llt.\r\n<h2><strong>Einzelbuchstaben gelasert<\/strong><\/h2>\r\nSchneiden per Laser bietet den Vorteil, da\u00df das Material ohne Kontakt bearbeitet wird. Es treten keine mechanischen Bearbeitungskr\u00e4fte auf.","_et_gb_content_width":"","footnotes":""},"class_list":["post-66","page","type-page","status-publish","hentry"],"yoast_head":"<!-- This site is optimized with the Yoast SEO plugin v26.6 - https:\/\/yoast.com\/wordpress\/plugins\/seo\/ -->\n<title>Einzelbuchstaben, Fr\u00e4sbuchstaben, 3d Buchstaben, 3D Texte, Logos<\/title>\n<meta name=\"description\" content=\"Einzelbuchstaben f\u00fcr die Werbung werden mit den unterschiedlichsten Techniken und aus den unterschiedlichsten Materialien gefertigt.\" \/>\n<meta name=\"robots\" content=\"index, follow, max-snippet:-1, max-image-preview:large, max-video-preview:-1\" \/>\n<link rel=\"canonical\" href=\"https:\/\/xneuy.mcmuffin.de\/index.php\/einzelbuchstaben\/\" \/>\n<meta property=\"og:locale\" content=\"de_DE\" \/>\n<meta property=\"og:type\" content=\"article\" \/>\n<meta property=\"og:title\" content=\"Einzelbuchstaben, Fr\u00e4sbuchstaben, 3d Buchstaben, 3D Texte, Logos\" \/>\n<meta property=\"og:description\" content=\"Einzelbuchstaben f\u00fcr die Werbung werden mit den unterschiedlichsten Techniken und aus den unterschiedlichsten Materialien gefertigt.\" \/>\n<meta property=\"og:url\" content=\"https:\/\/xneuy.mcmuffin.de\/index.php\/einzelbuchstaben\/\" \/>\n<meta property=\"og:site_name\" content=\"gerhardts Werbung\" \/>\n<meta property=\"article:modified_time\" content=\"2025-01-16T14:50:57+00:00\" \/>\n<meta name=\"twitter:card\" content=\"summary_large_image\" \/>\n<meta name=\"twitter:label1\" content=\"Gesch\u00e4tzte Lesezeit\" \/>\n\t<meta name=\"twitter:data1\" content=\"3\u00a0Minuten\" \/>\n<script type=\"application\/ld+json\" class=\"yoast-schema-graph\">{\"@context\":\"https:\/\/schema.org\",\"@graph\":[{\"@type\":\"WebPage\",\"@id\":\"https:\/\/xneuy.mcmuffin.de\/index.php\/einzelbuchstaben\/\",\"url\":\"https:\/\/xneuy.mcmuffin.de\/index.php\/einzelbuchstaben\/\",\"name\":\"Einzelbuchstaben, Fr\u00e4sbuchstaben, 3d Buchstaben, 3D Texte, Logos\",\"isPartOf\":{\"@id\":\"https:\/\/www.mcmuffin.de\/#website\"},\"datePublished\":\"2018-11-09T13:09:50+00:00\",\"dateModified\":\"2025-01-16T14:50:57+00:00\",\"description\":\"Einzelbuchstaben f\u00fcr die Werbung werden mit den unterschiedlichsten Techniken und aus den unterschiedlichsten Materialien gefertigt.\",\"breadcrumb\":{\"@id\":\"https:\/\/xneuy.mcmuffin.de\/index.php\/einzelbuchstaben\/#breadcrumb\"},\"inLanguage\":\"de\",\"potentialAction\":[{\"@type\":\"ReadAction\",\"target\":[\"https:\/\/xneuy.mcmuffin.de\/index.php\/einzelbuchstaben\/\"]}]},{\"@type\":\"BreadcrumbList\",\"@id\":\"https:\/\/xneuy.mcmuffin.de\/index.php\/einzelbuchstaben\/#breadcrumb\",\"itemListElement\":[{\"@type\":\"ListItem\",\"position\":1,\"name\":\"Startseite\",\"item\":\"https:\/\/www.mcmuffin.de\/\"},{\"@type\":\"ListItem\",\"position\":2,\"name\":\"Einzelbuchstaben\"}]},{\"@type\":\"WebSite\",\"@id\":\"https:\/\/www.mcmuffin.de\/#website\",\"url\":\"https:\/\/www.mcmuffin.de\/\",\"name\":\"gerhardts Werbung\",\"description\":\"Deine Vision sichtbar\",\"publisher\":{\"@id\":\"https:\/\/www.mcmuffin.de\/#organization\"},\"potentialAction\":[{\"@type\":\"SearchAction\",\"target\":{\"@type\":\"EntryPoint\",\"urlTemplate\":\"https:\/\/www.mcmuffin.de\/?s={search_term_string}\"},\"query-input\":{\"@type\":\"PropertyValueSpecification\",\"valueRequired\":true,\"valueName\":\"search_term_string\"}}],\"inLanguage\":\"de\"},{\"@type\":\"Organization\",\"@id\":\"https:\/\/www.mcmuffin.de\/#organization\",\"name\":\"gerhardts Werbung\",\"url\":\"https:\/\/www.mcmuffin.de\/\",\"logo\":{\"@type\":\"ImageObject\",\"inLanguage\":\"de\",\"@id\":\"https:\/\/www.mcmuffin.de\/#\/schema\/logo\/image\/\",\"url\":\"https:\/\/www.mcmuffin.de\/wp-content\/uploads\/2020\/03\/Nie-ohne-mein-Angebot3.png\",\"contentUrl\":\"https:\/\/www.mcmuffin.de\/wp-content\/uploads\/2020\/03\/Nie-ohne-mein-Angebot3.png\",\"width\":648,\"height\":294,\"caption\":\"gerhardts Werbung\"},\"image\":{\"@id\":\"https:\/\/www.mcmuffin.de\/#\/schema\/logo\/image\/\"}}]}<\/script>\n<!-- \/ Yoast SEO plugin. -->","yoast_head_json":{"title":"Einzelbuchstaben, Fr\u00e4sbuchstaben, 3d Buchstaben, 3D Texte, Logos","description":"Einzelbuchstaben f\u00fcr die Werbung werden mit den unterschiedlichsten Techniken und aus den unterschiedlichsten Materialien gefertigt.","robots":{"index":"index","follow":"follow","max-snippet":"max-snippet:-1","max-image-preview":"max-image-preview:large","max-video-preview":"max-video-preview:-1"},"canonical":"https:\/\/xneuy.mcmuffin.de\/index.php\/einzelbuchstaben\/","og_locale":"de_DE","og_type":"article","og_title":"Einzelbuchstaben, Fr\u00e4sbuchstaben, 3d Buchstaben, 3D Texte, Logos","og_description":"Einzelbuchstaben f\u00fcr die Werbung werden mit den unterschiedlichsten Techniken und aus den unterschiedlichsten Materialien gefertigt.","og_url":"https:\/\/xneuy.mcmuffin.de\/index.php\/einzelbuchstaben\/","og_site_name":"gerhardts Werbung","article_modified_time":"2025-01-16T14:50:57+00:00","twitter_card":"summary_large_image","twitter_misc":{"Gesch\u00e4tzte Lesezeit":"3\u00a0Minuten"},"schema":{"@context":"https:\/\/schema.org","@graph":[{"@type":"WebPage","@id":"https:\/\/xneuy.mcmuffin.de\/index.php\/einzelbuchstaben\/","url":"https:\/\/xneuy.mcmuffin.de\/index.php\/einzelbuchstaben\/","name":"Einzelbuchstaben, Fr\u00e4sbuchstaben, 3d Buchstaben, 3D Texte, Logos","isPartOf":{"@id":"https:\/\/www.mcmuffin.de\/#website"},"datePublished":"2018-11-09T13:09:50+00:00","dateModified":"2025-01-16T14:50:57+00:00","description":"Einzelbuchstaben f\u00fcr die Werbung werden mit den unterschiedlichsten Techniken und aus den unterschiedlichsten Materialien gefertigt.","breadcrumb":{"@id":"https:\/\/xneuy.mcmuffin.de\/index.php\/einzelbuchstaben\/#breadcrumb"},"inLanguage":"de","potentialAction":[{"@type":"ReadAction","target":["https:\/\/xneuy.mcmuffin.de\/index.php\/einzelbuchstaben\/"]}]},{"@type":"BreadcrumbList","@id":"https:\/\/xneuy.mcmuffin.de\/index.php\/einzelbuchstaben\/#breadcrumb","itemListElement":[{"@type":"ListItem","position":1,"name":"Startseite","item":"https:\/\/www.mcmuffin.de\/"},{"@type":"ListItem","position":2,"name":"Einzelbuchstaben"}]},{"@type":"WebSite","@id":"https:\/\/www.mcmuffin.de\/#website","url":"https:\/\/www.mcmuffin.de\/","name":"gerhardts Werbung","description":"Deine Vision sichtbar","publisher":{"@id":"https:\/\/www.mcmuffin.de\/#organization"},"potentialAction":[{"@type":"SearchAction","target":{"@type":"EntryPoint","urlTemplate":"https:\/\/www.mcmuffin.de\/?s={search_term_string}"},"query-input":{"@type":"PropertyValueSpecification","valueRequired":true,"valueName":"search_term_string"}}],"inLanguage":"de"},{"@type":"Organization","@id":"https:\/\/www.mcmuffin.de\/#organization","name":"gerhardts Werbung","url":"https:\/\/www.mcmuffin.de\/","logo":{"@type":"ImageObject","inLanguage":"de","@id":"https:\/\/www.mcmuffin.de\/#\/schema\/logo\/image\/","url":"https:\/\/www.mcmuffin.de\/wp-content\/uploads\/2020\/03\/Nie-ohne-mein-Angebot3.png","contentUrl":"https:\/\/www.mcmuffin.de\/wp-content\/uploads\/2020\/03\/Nie-ohne-mein-Angebot3.png","width":648,"height":294,"caption":"gerhardts Werbung"},"image":{"@id":"https:\/\/www.mcmuffin.de\/#\/schema\/logo\/image\/"}}]}},"_links":{"self":[{"href":"https:\/\/www.mcmuffin.de\/index.php\/wp-json\/wp\/v2\/pages\/66","targetHints":{"allow":["GET"]}}],"collection":[{"href":"https:\/\/www.mcmuffin.de\/index.php\/wp-json\/wp\/v2\/pages"}],"about":[{"href":"https:\/\/www.mcmuffin.de\/index.php\/wp-json\/wp\/v2\/types\/page"}],"author":[{"embeddable":true,"href":"https:\/\/www.mcmuffin.de\/index.php\/wp-json\/wp\/v2\/users\/1"}],"replies":[{"embeddable":true,"href":"https:\/\/www.mcmuffin.de\/index.php\/wp-json\/wp\/v2\/comments?post=66"}],"version-history":[{"count":3,"href":"https:\/\/www.mcmuffin.de\/index.php\/wp-json\/wp\/v2\/pages\/66\/revisions"}],"predecessor-version":[{"id":3245,"href":"https:\/\/www.mcmuffin.de\/index.php\/wp-json\/wp\/v2\/pages\/66\/revisions\/3245"}],"wp:attachment":[{"href":"https:\/\/www.mcmuffin.de\/index.php\/wp-json\/wp\/v2\/media?parent=66"}],"curies":[{"name":"wp","href":"https:\/\/api.w.org\/{rel}","templated":true}]}}