{"id":62,"date":"2018-11-09T14:08:19","date_gmt":"2018-11-09T13:08:19","guid":{"rendered":"https:\/\/www.mcmuffin.de\/?page_id=62"},"modified":"2025-12-22T17:25:50","modified_gmt":"2025-12-22T16:25:50","slug":"fraesen","status":"publish","type":"page","link":"https:\/\/www.mcmuffin.de\/index.php\/fraesen\/","title":{"rendered":"CNC Fr\u00e4sen"},"content":{"rendered":"<p>[et_pb_section fb_built=&#8220;1&#8243; next_background_color=&#8220;#ffffff&#8220; admin_label=&#8220;Hero&#8220; _builder_version=&#8220;4.27.3&#8243; use_background_color_gradient=&#8220;on&#8220; background_color_gradient_direction=&#8220;163deg&#8220; background_color_gradient_stops=&#8220;#005e89 0%|rgba(0,0,0,0.6) 100%&#8220; background_color_gradient_overlays_image=&#8220;on&#8220; background_color_gradient_start=&#8220;#005e89&#8243; background_color_gradient_end=&#8220;rgba(0,0,0,0.6)&#8220; background_image=&#8220;https:\/\/www.mcmuffin.de\/wp-content\/uploads\/2024\/11\/Holzbuchstaben-Profit.jpg&#8220; min_height=&#8220;683px&#8220; custom_margin=&#8220;||16px||false|false&#8220; custom_padding=&#8220;0px|0px|3px|0px|false|false&#8220; bottom_divider_style=&#8220;ramp2&#8243; bottom_divider_flip=&#8220;horizontal&#8220; animation_style=&#8220;zoom&#8220; animation_intensity_zoom=&#8220;4%&#8220; global_colors_info=&#8220;{}&#8220;][et_pb_row _builder_version=&#8220;4.16&#8243; background_size=&#8220;initial&#8220; background_position=&#8220;top_left&#8220; background_repeat=&#8220;repeat&#8220; width=&#8220;90%&#8220; module_alignment=&#8220;center&#8220; custom_padding=&#8220;||7px|||&#8220; animation_style=&#8220;slide&#8220; animation_direction=&#8220;top&#8220; animation_intensity_slide=&#8220;3%&#8220; global_colors_info=&#8220;{}&#8220;][et_pb_column type=&#8220;4_4&#8243; _builder_version=&#8220;4.16&#8243; custom_padding=&#8220;|||&#8220; global_colors_info=&#8220;{}&#8220; custom_padding__hover=&#8220;|||&#8220;][et_pb_text _builder_version=&#8220;4.27.3&#8243; text_text_color=&#8220;#f7f7f7&#8243; custom_margin=&#8220;|||&#8220; locked=&#8220;off&#8220; global_colors_info=&#8220;{}&#8220;]<\/p>\n<p>Buchstaben | Logos | Bauteile<\/p>\n<p>[\/et_pb_text][et_pb_text _builder_version=&#8220;4.27.3&#8243; global_colors_info=&#8220;{}&#8220;]<\/p>\n<h1><strong>Fr\u00e4sen<\/strong><\/h1>\n<p align=\"justify\">[\/et_pb_text][et_pb_text _builder_version=&#8220;4.27.3&#8243; global_colors_info=&#8220;{}&#8220;]<\/p>\n<h2>Genaue Fertigung von Fr\u00e4steilen auf CNC Routern<\/h2>\n<p align=\"justify\">[\/et_pb_text][et_pb_text _builder_version=&#8220;4.27.3&#8243; text_font=&#8220;||||||||&#8220; text_font_size=&#8220;24px&#8220; header_font=&#8220;|800|||||||&#8220; header_2_font=&#8220;|700|||||||&#8220; header_2_font_size=&#8220;25px&#8220; header_2_line_height=&#8220;1.5em&#8220; header_3_font=&#8220;Montserrat|700||on|||||&#8220; header_3_font_size=&#8220;21px&#8220; header_3_line_height=&#8220;1.4em&#8220; custom_padding=&#8220;||12px|||&#8220; animation_style=&#8220;zoom&#8220; animation_direction=&#8220;top&#8220; animation_duration=&#8220;450ms&#8220; animation_delay=&#8220;450ms&#8220; animation_intensity_zoom=&#8220;47%&#8220; text_font_size_tablet=&#8220;&#8220; text_font_size_phone=&#8220;26px&#8220; text_font_size_last_edited=&#8220;on|phone&#8220; header_2_font_size_tablet=&#8220;&#8220; header_2_font_size_phone=&#8220;21px&#8220; header_2_font_size_last_edited=&#8220;on|phone&#8220; locked=&#8220;off&#8220; global_colors_info=&#8220;{}&#8220;]<\/p>\n<h3>Fast schon unglaublich was mit Fr\u00e4sen alles herstellbar ist.<\/h3>\n<p>[\/et_pb_text][et_pb_text _builder_version=&#8220;4.27.2&#8243; text_font=&#8220;Montserrat|600|||||||&#8220; text_font_size=&#8220;20px&#8220; text_line_height=&#8220;1.4em&#8220; header_font=&#8220;|800|||||||&#8220; header_2_font=&#8220;|700|||||||&#8220; header_2_line_height=&#8220;1.5em&#8220; header_5_font_size=&#8220;23px&#8220; background_layout=&#8220;dark&#8220; width=&#8220;100%&#8220; width_tablet=&#8220;82%&#8220; width_phone=&#8220;100%&#8220; width_last_edited=&#8220;on|phone&#8220; custom_margin=&#8220;||16px||false|false&#8220; custom_padding=&#8220;1px||0px|||&#8220; animation_style=&#8220;zoom&#8220; animation_direction=&#8220;top&#8220; animation_duration=&#8220;450ms&#8220; animation_delay=&#8220;450ms&#8220; animation_intensity_zoom=&#8220;47%&#8220; text_font_size_tablet=&#8220;23px&#8220; text_font_size_phone=&#8220;17px&#8220; text_font_size_last_edited=&#8220;on|phone&#8220; header_2_font_size_tablet=&#8220;&#8220; header_2_font_size_phone=&#8220;21px&#8220; header_2_font_size_last_edited=&#8220;on|phone&#8220; locked=&#8220;off&#8220; global_colors_info=&#8220;{}&#8220;]<\/p>\n<p>Idee &#8211; Programmieren &#8211; Fr\u00e4sen<br \/>In der Werbetechnik geht es um positive Sichtbarkeit. Die kann man mit gefr\u00e4sten Buchstaben und Logos deutlich verbessern.<br \/>Plastische oder erhabene Elemente steigern die Sichtbarkeit deutlich.\u00a0<\/p>\n<p>[\/et_pb_text][\/et_pb_column][\/et_pb_row][\/et_pb_section][et_pb_section fb_built=&#8220;1&#8243; _builder_version=&#8220;4.27.3&#8243; _module_preset=&#8220;default&#8220; custom_margin=&#8220;||||false|false&#8220; custom_padding=&#8220;0px||||false|false&#8220; global_colors_info=&#8220;{}&#8220;][et_pb_row _builder_version=&#8220;4.27.3&#8243; _module_preset=&#8220;default&#8220; global_colors_info=&#8220;{}&#8220; custom_padding=&#8220;44px|||||&#8220;][et_pb_column type=&#8220;4_4&#8243; _builder_version=&#8220;4.27.3&#8243; _module_preset=&#8220;default&#8220; global_colors_info=&#8220;{}&#8220;][et_pb_text _builder_version=&#8220;4.27.3&#8243; _module_preset=&#8220;default&#8220; header_3_font=&#8220;Montserrat|700||on|||||&#8220; header_3_text_align=&#8220;center&#8220; header_3_text_color=&#8220;#005E89&#8243; header_3_font_size=&#8220;38px&#8220; header_3_line_height=&#8220;1.4em&#8220; module_alignment=&#8220;center&#8220; custom_margin=&#8220;||20px|289px|false|false&#8220; global_colors_info=&#8220;{}&#8220;]<\/p>\n<h3>Die Kombination von Form und Material machen nach der Idee die Sichtbarkeit.<\/h3>\n<p>[\/et_pb_text][\/et_pb_column][\/et_pb_row][\/et_pb_section][et_pb_section fb_built=&#8220;1&#8243; _builder_version=&#8220;4.27.3&#8243; background_color=&#8220;#005E89&#8243; custom_margin=&#8220;||||false|false&#8220; custom_padding=&#8220;0px||||false|false&#8220; global_colors_info=&#8220;{}&#8220;][et_pb_row column_structure=&#8220;1_2,1_2&#8243; _builder_version=&#8220;4.27.3&#8243; background_size=&#8220;initial&#8220; background_position=&#8220;top_left&#8220; background_repeat=&#8220;repeat&#8220; global_colors_info=&#8220;{}&#8220;][et_pb_column type=&#8220;1_2&#8243; _builder_version=&#8220;4.16&#8243; custom_padding=&#8220;|||&#8220; global_colors_info=&#8220;{}&#8220; custom_padding__hover=&#8220;|||&#8220;][et_pb_text _builder_version=&#8220;4.27.3&#8243; text_font=&#8220;Montserrat|600|||||||&#8220; text_line_height=&#8220;2em&#8220; global_colors_info=&#8220;{}&#8220;]Wir fr\u00e4sen mit einer pr\u00e4zisen 3 Achs Fr\u00e4smaschine hochwertige Bauteile ab Zeichnung oder Datei. So entstehen sowohl\u00a0Einzelst\u00fccke\u00a0f\u00fcr die Werbetechnik als auch\u00a0Serienteile f\u00fcr Industrie und Handel. Spezielle Programmiertechniken erzeugen schon mit wenig Aufwand 3D Feeling z.B f\u00fcr die Schilderfertigung.<br \/>\nNach Fertigstellung der Fr\u00e4steile findet eine Pr\u00fcfung auf Ma\u00dfhaltigkeit statt. Bei Serienteilen werden st\u00e4ndig Stichproben kontrolliert um Fehlerquellen, z.B. durch einen stumpfen Fr\u00e4ser, schnellstm\u00f6glich zu erkennen.<br \/>\nDurch unsere Fr\u00e4stechnik im Haus und jahrelange Erfahrung k\u00f6nnen wir schnell reagieren. Im Zusammenspiel mit anderen Maschinen, wie z.B. lasern und handwerkliche Kenntnisse entstehen immer wieder au\u00dfergew\u00f6hnliche Schilder.<\/p>\n<p>Programmierung<br \/>\nWir programmieren frei oder nach Grafik- sowie CAD Datei. Ausgekl\u00fcgelte Fr\u00e4sstrategien sind die Basis f\u00fcr eine kosteng\u00fcnstige Fertigung. Jahrelange Erfahrung hilft die richtige Fr\u00e4sstrategie zu entwickeln und zu optimieren.[\/et_pb_text][\/et_pb_column][et_pb_column type=&#8220;1_2&#8243; _builder_version=&#8220;4.16&#8243; custom_padding=&#8220;|||&#8220; global_colors_info=&#8220;{}&#8220; custom_padding__hover=&#8220;|||&#8220;][et_pb_image src=&#8220;https:\/\/www.mcmuffin.de\/wp-content\/uploads\/2022\/07\/P1000098-scaled.jpg&#8220; alt=&#8220;Fr\u00e4sbuchstaben aus Holz auf einer Fr\u00e4smaschine kurz vor Fertigstellung&#8220; title_text=&#8220;Fr#sen von Buchstaben&#8220; _builder_version=&#8220;4.27.3&#8243; _module_preset=&#8220;default&#8220; global_colors_info=&#8220;{}&#8220;][\/et_pb_image][\/et_pb_column][\/et_pb_row][\/et_pb_section]<\/p>\n","protected":false},"excerpt":{"rendered":"<p>Buchstaben | Logos | BauteileFr\u00e4sen Genaue Fertigung von Fr\u00e4steilen auf CNC Routern Fast schon unglaublich was mit Fr\u00e4sen alles herstellbar ist.Idee &#8211; Programmieren &#8211; Fr\u00e4senIn der Werbetechnik geht es um positive Sichtbarkeit. Die kann man mit gefr\u00e4sten Buchstaben und Logos deutlich verbessern.Plastische oder erhabene Elemente steigern die Sichtbarkeit deutlich.\u00a0Die Kombination von Form und Material machen [&hellip;]<\/p>\n","protected":false},"author":1,"featured_media":178,"parent":0,"menu_order":0,"comment_status":"closed","ping_status":"closed","template":"","meta":{"_et_pb_use_builder":"on","_et_pb_old_content":"<h1><strong>Fr\u00e4sen<\/strong><\/h1>\n<h2>Genaue Fertigung von Fr\u00e4steilen auf CNC Routern<\/h2>\n<p align=\"justify\">Wir fr\u00e4sen mit einer pr\u00e4zisen 3 Achs Fr\u00e4smaschine hochwertige Bauteile ab Zeichnung oder Datei. So entstehen sowohl\u00a0<strong>Einzelst\u00fccke<\/strong>\u00a0f\u00fcr die Werbetechnik als auch\u00a0<strong>Serienteile<\/strong>\u00a0f\u00fcr Industrie und Handel. Spezielle Programmiertechniken erzeugen schon mit wenig Aufwand 3D Feeling z.B f\u00fcr die Schilderfertigung.<\/p>\n<p align=\"justify\">Nach Fertigstellung der Fr\u00e4steile findet eine Pr\u00fcfung auf Ma\u00dfhaltigkeit statt. Bei Serienteilen werden st\u00e4ndig Stichproben kontrolliert um Fehlerquellen, z.B. durch einen stumpfen Fr\u00e4ser, schnellstm\u00f6glich zu erkennen.<\/p>\n<p align=\"justify\">Durch unsere Fr\u00e4stechnik im Haus und jahrelange Erfahrung k\u00f6nnen wir schnell reagieren. Im Zusammenspiel mit anderen Maschinen, wie z.B. lasern und handwerkliche Kenntnisse entstehen immer wieder au\u00dfergew\u00f6hnliche Schilder.<\/p>\n\n<h2 align=\"justify\"><strong>Programmierung<\/strong><\/h2>\n<p align=\"justify\">Wir programmieren frei oder nach Grafik- sowie CAD Datei. Ausgekl\u00fcgelte Fr\u00e4sstrategien sind die Basis f\u00fcr eine kosteng\u00fcnstige Fertigung. Jahrelange Erfahrung hilft die richtige Fr\u00e4sstrategie zu entwickeln und zu optimieren.<\/p>","_et_gb_content_width":"","footnotes":""},"class_list":["post-62","page","type-page","status-publish","has-post-thumbnail","hentry"],"yoast_head":"<!-- This site is optimized with the Yoast SEO plugin v26.6 - https:\/\/yoast.com\/wordpress\/plugins\/seo\/ -->\n<title>Fr\u00e4sen, Werbung, Werbetechnik, Strategie, Aussenwerbung, Schilder<\/title>\n<meta name=\"description\" content=\"Wir fr\u00e4sen Bauteile f\u00fcr Handel und Industrie. Wir sind durch fr\u00e4sen in der Lager schnell und flexibel viele Anforderung modernern Werbungen zu erf\u00fcllen.\" \/>\n<meta name=\"robots\" content=\"index, follow, max-snippet:-1, max-image-preview:large, max-video-preview:-1\" \/>\n<link rel=\"canonical\" href=\"https:\/\/www.mcmuffin.de\/index.php\/fraesen\/\" \/>\n<meta property=\"og:locale\" content=\"de_DE\" \/>\n<meta property=\"og:type\" content=\"article\" \/>\n<meta property=\"og:title\" content=\"Fr\u00e4sen in der Werbetechnik\" \/>\n<meta property=\"og:description\" content=\"Fr\u00e4stechnik sorgt f\u00fcr flexible M\u00f6glichkeiten in der Werbetechnik. In Verbindung mit anderen Techniken wie z.B. Laser und das passende handwerkliche K\u00f6nnen entstehen unverwechselbare Werbeanlagen und Schilder.\" \/>\n<meta property=\"og:url\" content=\"https:\/\/www.mcmuffin.de\/index.php\/fraesen\/\" \/>\n<meta property=\"og:site_name\" content=\"gerhardts Werbung\" \/>\n<meta property=\"article:modified_time\" content=\"2025-12-22T16:25:50+00:00\" \/>\n<meta property=\"og:image\" content=\"https:\/\/www.mcmuffin.de\/wp-content\/uploads\/2020\/03\/Fraesen.jpg\" \/>\n\t<meta property=\"og:image:width\" content=\"1500\" \/>\n\t<meta property=\"og:image:height\" content=\"1125\" \/>\n\t<meta property=\"og:image:type\" content=\"image\/jpeg\" \/>\n<meta name=\"twitter:card\" content=\"summary_large_image\" \/>\n<meta name=\"twitter:label1\" content=\"Gesch\u00e4tzte Lesezeit\" \/>\n\t<meta name=\"twitter:data1\" content=\"1\u00a0Minute\" \/>\n<script type=\"application\/ld+json\" class=\"yoast-schema-graph\">{\"@context\":\"https:\/\/schema.org\",\"@graph\":[{\"@type\":\"WebPage\",\"@id\":\"https:\/\/www.mcmuffin.de\/index.php\/fraesen\/\",\"url\":\"https:\/\/www.mcmuffin.de\/index.php\/fraesen\/\",\"name\":\"Fr\u00e4sen, Werbung, Werbetechnik, Strategie, Aussenwerbung, Schilder\",\"isPartOf\":{\"@id\":\"https:\/\/www.mcmuffin.de\/#website\"},\"primaryImageOfPage\":{\"@id\":\"https:\/\/www.mcmuffin.de\/index.php\/fraesen\/#primaryimage\"},\"image\":{\"@id\":\"https:\/\/www.mcmuffin.de\/index.php\/fraesen\/#primaryimage\"},\"thumbnailUrl\":\"https:\/\/www.mcmuffin.de\/wp-content\/uploads\/2020\/03\/Fraesen.jpg\",\"datePublished\":\"2018-11-09T13:08:19+00:00\",\"dateModified\":\"2025-12-22T16:25:50+00:00\",\"description\":\"Wir fr\u00e4sen Bauteile f\u00fcr Handel und Industrie. Wir sind durch fr\u00e4sen in der Lager schnell und flexibel viele Anforderung modernern Werbungen zu erf\u00fcllen.\",\"breadcrumb\":{\"@id\":\"https:\/\/www.mcmuffin.de\/index.php\/fraesen\/#breadcrumb\"},\"inLanguage\":\"de\",\"potentialAction\":[{\"@type\":\"ReadAction\",\"target\":[\"https:\/\/www.mcmuffin.de\/index.php\/fraesen\/\"]}]},{\"@type\":\"ImageObject\",\"inLanguage\":\"de\",\"@id\":\"https:\/\/www.mcmuffin.de\/index.php\/fraesen\/#primaryimage\",\"url\":\"https:\/\/www.mcmuffin.de\/wp-content\/uploads\/2020\/03\/Fraesen.jpg\",\"contentUrl\":\"https:\/\/www.mcmuffin.de\/wp-content\/uploads\/2020\/03\/Fraesen.jpg\",\"width\":1500,\"height\":1125,\"caption\":\"Fr\u00e4sen von ausgespitzten Gravuren f\u00fcr ein 3D Schild\"},{\"@type\":\"BreadcrumbList\",\"@id\":\"https:\/\/www.mcmuffin.de\/index.php\/fraesen\/#breadcrumb\",\"itemListElement\":[{\"@type\":\"ListItem\",\"position\":1,\"name\":\"Startseite\",\"item\":\"https:\/\/www.mcmuffin.de\/\"},{\"@type\":\"ListItem\",\"position\":2,\"name\":\"CNC Fr\u00e4sen\"}]},{\"@type\":\"WebSite\",\"@id\":\"https:\/\/www.mcmuffin.de\/#website\",\"url\":\"https:\/\/www.mcmuffin.de\/\",\"name\":\"gerhardts Werbung\",\"description\":\"Deine Vision sichtbar\",\"publisher\":{\"@id\":\"https:\/\/www.mcmuffin.de\/#organization\"},\"potentialAction\":[{\"@type\":\"SearchAction\",\"target\":{\"@type\":\"EntryPoint\",\"urlTemplate\":\"https:\/\/www.mcmuffin.de\/?s={search_term_string}\"},\"query-input\":{\"@type\":\"PropertyValueSpecification\",\"valueRequired\":true,\"valueName\":\"search_term_string\"}}],\"inLanguage\":\"de\"},{\"@type\":\"Organization\",\"@id\":\"https:\/\/www.mcmuffin.de\/#organization\",\"name\":\"gerhardts Werbung\",\"url\":\"https:\/\/www.mcmuffin.de\/\",\"logo\":{\"@type\":\"ImageObject\",\"inLanguage\":\"de\",\"@id\":\"https:\/\/www.mcmuffin.de\/#\/schema\/logo\/image\/\",\"url\":\"https:\/\/www.mcmuffin.de\/wp-content\/uploads\/2020\/03\/Nie-ohne-mein-Angebot3.png\",\"contentUrl\":\"https:\/\/www.mcmuffin.de\/wp-content\/uploads\/2020\/03\/Nie-ohne-mein-Angebot3.png\",\"width\":648,\"height\":294,\"caption\":\"gerhardts Werbung\"},\"image\":{\"@id\":\"https:\/\/www.mcmuffin.de\/#\/schema\/logo\/image\/\"}}]}<\/script>\n<!-- \/ Yoast SEO plugin. -->","yoast_head_json":{"title":"Fr\u00e4sen, Werbung, Werbetechnik, Strategie, Aussenwerbung, Schilder","description":"Wir fr\u00e4sen Bauteile f\u00fcr Handel und Industrie. Wir sind durch fr\u00e4sen in der Lager schnell und flexibel viele Anforderung modernern Werbungen zu erf\u00fcllen.","robots":{"index":"index","follow":"follow","max-snippet":"max-snippet:-1","max-image-preview":"max-image-preview:large","max-video-preview":"max-video-preview:-1"},"canonical":"https:\/\/www.mcmuffin.de\/index.php\/fraesen\/","og_locale":"de_DE","og_type":"article","og_title":"Fr\u00e4sen in der Werbetechnik","og_description":"Fr\u00e4stechnik sorgt f\u00fcr flexible M\u00f6glichkeiten in der Werbetechnik. In Verbindung mit anderen Techniken wie z.B. Laser und das passende handwerkliche K\u00f6nnen entstehen unverwechselbare Werbeanlagen und Schilder.","og_url":"https:\/\/www.mcmuffin.de\/index.php\/fraesen\/","og_site_name":"gerhardts Werbung","article_modified_time":"2025-12-22T16:25:50+00:00","og_image":[{"width":1500,"height":1125,"url":"https:\/\/www.mcmuffin.de\/wp-content\/uploads\/2020\/03\/Fraesen.jpg","type":"image\/jpeg"}],"twitter_card":"summary_large_image","twitter_misc":{"Gesch\u00e4tzte Lesezeit":"1\u00a0Minute"},"schema":{"@context":"https:\/\/schema.org","@graph":[{"@type":"WebPage","@id":"https:\/\/www.mcmuffin.de\/index.php\/fraesen\/","url":"https:\/\/www.mcmuffin.de\/index.php\/fraesen\/","name":"Fr\u00e4sen, Werbung, Werbetechnik, Strategie, Aussenwerbung, Schilder","isPartOf":{"@id":"https:\/\/www.mcmuffin.de\/#website"},"primaryImageOfPage":{"@id":"https:\/\/www.mcmuffin.de\/index.php\/fraesen\/#primaryimage"},"image":{"@id":"https:\/\/www.mcmuffin.de\/index.php\/fraesen\/#primaryimage"},"thumbnailUrl":"https:\/\/www.mcmuffin.de\/wp-content\/uploads\/2020\/03\/Fraesen.jpg","datePublished":"2018-11-09T13:08:19+00:00","dateModified":"2025-12-22T16:25:50+00:00","description":"Wir fr\u00e4sen Bauteile f\u00fcr Handel und Industrie. Wir sind durch fr\u00e4sen in der Lager schnell und flexibel viele Anforderung modernern Werbungen zu erf\u00fcllen.","breadcrumb":{"@id":"https:\/\/www.mcmuffin.de\/index.php\/fraesen\/#breadcrumb"},"inLanguage":"de","potentialAction":[{"@type":"ReadAction","target":["https:\/\/www.mcmuffin.de\/index.php\/fraesen\/"]}]},{"@type":"ImageObject","inLanguage":"de","@id":"https:\/\/www.mcmuffin.de\/index.php\/fraesen\/#primaryimage","url":"https:\/\/www.mcmuffin.de\/wp-content\/uploads\/2020\/03\/Fraesen.jpg","contentUrl":"https:\/\/www.mcmuffin.de\/wp-content\/uploads\/2020\/03\/Fraesen.jpg","width":1500,"height":1125,"caption":"Fr\u00e4sen von ausgespitzten Gravuren f\u00fcr ein 3D Schild"},{"@type":"BreadcrumbList","@id":"https:\/\/www.mcmuffin.de\/index.php\/fraesen\/#breadcrumb","itemListElement":[{"@type":"ListItem","position":1,"name":"Startseite","item":"https:\/\/www.mcmuffin.de\/"},{"@type":"ListItem","position":2,"name":"CNC Fr\u00e4sen"}]},{"@type":"WebSite","@id":"https:\/\/www.mcmuffin.de\/#website","url":"https:\/\/www.mcmuffin.de\/","name":"gerhardts Werbung","description":"Deine Vision sichtbar","publisher":{"@id":"https:\/\/www.mcmuffin.de\/#organization"},"potentialAction":[{"@type":"SearchAction","target":{"@type":"EntryPoint","urlTemplate":"https:\/\/www.mcmuffin.de\/?s={search_term_string}"},"query-input":{"@type":"PropertyValueSpecification","valueRequired":true,"valueName":"search_term_string"}}],"inLanguage":"de"},{"@type":"Organization","@id":"https:\/\/www.mcmuffin.de\/#organization","name":"gerhardts Werbung","url":"https:\/\/www.mcmuffin.de\/","logo":{"@type":"ImageObject","inLanguage":"de","@id":"https:\/\/www.mcmuffin.de\/#\/schema\/logo\/image\/","url":"https:\/\/www.mcmuffin.de\/wp-content\/uploads\/2020\/03\/Nie-ohne-mein-Angebot3.png","contentUrl":"https:\/\/www.mcmuffin.de\/wp-content\/uploads\/2020\/03\/Nie-ohne-mein-Angebot3.png","width":648,"height":294,"caption":"gerhardts Werbung"},"image":{"@id":"https:\/\/www.mcmuffin.de\/#\/schema\/logo\/image\/"}}]}},"_links":{"self":[{"href":"https:\/\/www.mcmuffin.de\/index.php\/wp-json\/wp\/v2\/pages\/62","targetHints":{"allow":["GET"]}}],"collection":[{"href":"https:\/\/www.mcmuffin.de\/index.php\/wp-json\/wp\/v2\/pages"}],"about":[{"href":"https:\/\/www.mcmuffin.de\/index.php\/wp-json\/wp\/v2\/types\/page"}],"author":[{"embeddable":true,"href":"https:\/\/www.mcmuffin.de\/index.php\/wp-json\/wp\/v2\/users\/1"}],"replies":[{"embeddable":true,"href":"https:\/\/www.mcmuffin.de\/index.php\/wp-json\/wp\/v2\/comments?post=62"}],"version-history":[{"count":3,"href":"https:\/\/www.mcmuffin.de\/index.php\/wp-json\/wp\/v2\/pages\/62\/revisions"}],"predecessor-version":[{"id":3460,"href":"https:\/\/www.mcmuffin.de\/index.php\/wp-json\/wp\/v2\/pages\/62\/revisions\/3460"}],"wp:featuredmedia":[{"embeddable":true,"href":"https:\/\/www.mcmuffin.de\/index.php\/wp-json\/wp\/v2\/media\/178"}],"wp:attachment":[{"href":"https:\/\/www.mcmuffin.de\/index.php\/wp-json\/wp\/v2\/media?parent=62"}],"curies":[{"name":"wp","href":"https:\/\/api.w.org\/{rel}","templated":true}]}}