{"id":45,"date":"2018-11-09T11:59:18","date_gmt":"2018-11-09T10:59:18","guid":{"rendered":"https:\/\/www.mcmuffin.de\/?page_id=45"},"modified":"2025-01-04T16:09:55","modified_gmt":"2025-01-04T15:09:55","slug":"abi-shirts","status":"publish","type":"page","link":"https:\/\/www.mcmuffin.de\/index.php\/abi-shirts\/","title":{"rendered":"Abi-Shirts"},"content":{"rendered":"<p>[et_pb_section fb_built=&#8220;1&#8243; admin_label=&#8220;section&#8220; _builder_version=&#8220;4.27.2&#8243; use_background_color_gradient=&#8220;on&#8220; background_color_gradient_stops=&#8220;#005e89 0%|rgba(0,0,0,0.24) 100%&#8220; global_colors_info=&#8220;{}&#8220;][et_pb_row admin_label=&#8220;row&#8220; _builder_version=&#8220;4.27.2&#8243; background_size=&#8220;initial&#8220; background_position=&#8220;top_left&#8220; background_repeat=&#8220;repeat&#8220; width=&#8220;90%&#8220; global_colors_info=&#8220;{}&#8220;][et_pb_column type=&#8220;4_4&#8243; _builder_version=&#8220;4.16&#8243; custom_padding=&#8220;|||&#8220; global_colors_info=&#8220;{}&#8220; custom_padding__hover=&#8220;|||&#8220;][et_pb_text admin_label=&#8220;Text&#8220; _builder_version=&#8220;4.27.2&#8243; custom_margin=&#8220;||-8px||false|false&#8220; global_colors_info=&#8220;{}&#8220;]<\/p>\n<h3>Alle | Jahre | wieder<\/h3>\n<p>&nbsp;<\/p>\n<p>[\/et_pb_text][et_pb_text admin_label=&#8220;Text&#8220; _builder_version=&#8220;4.27.2&#8243; hover_enabled=&#8220;0&#8243; global_colors_info=&#8220;{}&#8220; sticky_enabled=&#8220;0&#8243;]<\/p>\n<h1>Shirts <br \/>f\u00fcrs Abi<\/h1>\n<p>&nbsp;<\/p>\n<p>[\/et_pb_text][et_pb_text _builder_version=&#8220;4.27.4&#8243; _module_preset=&#8220;default&#8220; hover_enabled=&#8220;0&#8243; global_colors_info=&#8220;{}&#8220; sticky_enabled=&#8220;0&#8243; text_font=&#8220;Montserrat|500|||||||&#8220; text_letter_spacing=&#8220;-1px&#8220; text_line_height=&#8220;1.9em&#8220;]<\/p>\n<p>Ein einmaliger Tag. Nicht zu wiederholen. Keine Kompromisse. Keine M\u00f6glichkeit f\u00fcr Versuche. Wir fertigen eure <strong>Abi Shirts\u00a0<\/strong>zu vern\u00fcnftigen Konditionen. Durch unser Engagement als Wirtschaftspate bei Juniorunternehmen im schulischen Rahmen hat sich im Laufe der Zeit ein guter Kontakt zu vielen Schulen entwickelt. Die Fertigung der Abi oder Event Shirts zu altersgerechten Konditionen ist f\u00fcr uns eine Selbstverst\u00e4ndlichkeit. Wir bieten Unterst\u00fctzung bei der Planung der Abi Shirts, helfen bei den Entw\u00fcrfen und fertigen\u00a0<strong>termingerecht<\/strong>. Vom Klassensatz bis zum, mit Einzelnamen versehenen, Einzelst\u00fcck k\u00f6nnt Ihr auf uns z\u00e4hlen. Bei euren Anfragen f\u00fcgt Ihr bitte eine Vorlage oder kurze Beschreibung bei, mit der Angabe der etwaigen St\u00fcckzahl.<\/p>\n<p>[\/et_pb_text][\/et_pb_column][\/et_pb_row][\/et_pb_section]<\/p>\n","protected":false},"excerpt":{"rendered":"<p>Alle | Jahre | wieder &nbsp;Shirts f\u00fcrs Abi &nbsp;Ein einmaliger Tag. Nicht zu wiederholen. Keine Kompromisse. Keine M\u00f6glichkeit f\u00fcr Versuche. Wir fertigen eure Abi Shirts\u00a0zu vern\u00fcnftigen Konditionen. Durch unser Engagement als Wirtschaftspate bei Juniorunternehmen im schulischen Rahmen hat sich im Laufe der Zeit ein guter Kontakt zu vielen Schulen entwickelt. Die Fertigung der Abi oder [&hellip;]<\/p>\n","protected":false},"author":1,"featured_media":0,"parent":0,"menu_order":0,"comment_status":"closed","ping_status":"closed","template":"","meta":{"_et_pb_use_builder":"on","_et_pb_old_content":"<h2>Alle Jahre wieder Shirts f\u00fcrs Abi<\/h2>\nEin einmaliger Tag. Nicht zu wiederholen. Keine Kompromisse. Keine M\u00f6glichkeit f\u00fcr Versuche. Wir fertigen eure <strong>Abi Shirts\u00a0<\/strong>zu vern\u00fcnftigen Konditionen. Durch unser Engagement als Wirtschaftspate bei Juniorunternehmen im schulischen Rahmen hat sich im Laufe der Zeit ein guter Kontakt zu vielen Schulen entwickelt. Die Fertigung der Abi oder Event Shirts zu altersgerechten Konditionen ist f\u00fcr uns eine Selbstverst\u00e4ndlichkeit. Wir bieten Unterst\u00fctzung bei der Planung der Abi Shirts, helfen bei den Entw\u00fcrfen und fertigen\u00a0<strong>termingerecht<\/strong>. Vom Klassensatz bis zum, mit Einzelnamen versehenen, Einzelst\u00fcck k\u00f6nnt Ihr auf uns z\u00e4hlen. Bei euren Anfragen f\u00fcgt Ihr bitte eine Vorlage oder kurze Beschreibung bei, mit der Angabe der etwaigen St\u00fcckzahl.","_et_gb_content_width":"","footnotes":""},"class_list":["post-45","page","type-page","status-publish","hentry"],"yoast_head":"<!-- This site is optimized with the Yoast SEO plugin v26.6 - https:\/\/yoast.com\/wordpress\/plugins\/seo\/ -->\n<title>Abi-Shirts - gerhardts Werbung<\/title>\n<meta name=\"robots\" content=\"index, follow, max-snippet:-1, max-image-preview:large, max-video-preview:-1\" \/>\n<link rel=\"canonical\" href=\"https:\/\/xneuy.mcmuffin.de\/index.php\/abi-shirts\/\" \/>\n<meta property=\"og:locale\" content=\"de_DE\" \/>\n<meta property=\"og:type\" content=\"article\" \/>\n<meta property=\"og:title\" content=\"Abi-Shirts - gerhardts Werbung\" \/>\n<meta property=\"og:description\" content=\"Alle | Jahre | wieder &nbsp;Shirts f\u00fcrs Abi &nbsp;Ein einmaliger Tag. Nicht zu wiederholen. Keine Kompromisse. Keine M\u00f6glichkeit f\u00fcr Versuche. Wir fertigen eure Abi Shirts\u00a0zu vern\u00fcnftigen Konditionen. Durch unser Engagement als Wirtschaftspate bei Juniorunternehmen im schulischen Rahmen hat sich im Laufe der Zeit ein guter Kontakt zu vielen Schulen entwickelt. Die Fertigung der Abi oder [&hellip;]\" \/>\n<meta property=\"og:url\" content=\"https:\/\/xneuy.mcmuffin.de\/index.php\/abi-shirts\/\" \/>\n<meta property=\"og:site_name\" content=\"gerhardts Werbung\" \/>\n<meta property=\"article:modified_time\" content=\"2025-01-04T15:09:55+00:00\" \/>\n<meta name=\"twitter:card\" content=\"summary_large_image\" \/>\n<meta name=\"twitter:label1\" content=\"Gesch\u00e4tzte Lesezeit\" \/>\n\t<meta name=\"twitter:data1\" content=\"1\u00a0Minute\" \/>\n<script type=\"application\/ld+json\" class=\"yoast-schema-graph\">{\"@context\":\"https:\/\/schema.org\",\"@graph\":[{\"@type\":\"WebPage\",\"@id\":\"https:\/\/xneuy.mcmuffin.de\/index.php\/abi-shirts\/\",\"url\":\"https:\/\/xneuy.mcmuffin.de\/index.php\/abi-shirts\/\",\"name\":\"Abi-Shirts - gerhardts Werbung\",\"isPartOf\":{\"@id\":\"https:\/\/www.mcmuffin.de\/#website\"},\"datePublished\":\"2018-11-09T10:59:18+00:00\",\"dateModified\":\"2025-01-04T15:09:55+00:00\",\"breadcrumb\":{\"@id\":\"https:\/\/xneuy.mcmuffin.de\/index.php\/abi-shirts\/#breadcrumb\"},\"inLanguage\":\"de\",\"potentialAction\":[{\"@type\":\"ReadAction\",\"target\":[\"https:\/\/xneuy.mcmuffin.de\/index.php\/abi-shirts\/\"]}]},{\"@type\":\"BreadcrumbList\",\"@id\":\"https:\/\/xneuy.mcmuffin.de\/index.php\/abi-shirts\/#breadcrumb\",\"itemListElement\":[{\"@type\":\"ListItem\",\"position\":1,\"name\":\"Startseite\",\"item\":\"https:\/\/www.mcmuffin.de\/\"},{\"@type\":\"ListItem\",\"position\":2,\"name\":\"Abi-Shirts\"}]},{\"@type\":\"WebSite\",\"@id\":\"https:\/\/www.mcmuffin.de\/#website\",\"url\":\"https:\/\/www.mcmuffin.de\/\",\"name\":\"gerhardts Werbung\",\"description\":\"Deine Vision sichtbar\",\"publisher\":{\"@id\":\"https:\/\/www.mcmuffin.de\/#organization\"},\"potentialAction\":[{\"@type\":\"SearchAction\",\"target\":{\"@type\":\"EntryPoint\",\"urlTemplate\":\"https:\/\/www.mcmuffin.de\/?s={search_term_string}\"},\"query-input\":{\"@type\":\"PropertyValueSpecification\",\"valueRequired\":true,\"valueName\":\"search_term_string\"}}],\"inLanguage\":\"de\"},{\"@type\":\"Organization\",\"@id\":\"https:\/\/www.mcmuffin.de\/#organization\",\"name\":\"gerhardts Werbung\",\"url\":\"https:\/\/www.mcmuffin.de\/\",\"logo\":{\"@type\":\"ImageObject\",\"inLanguage\":\"de\",\"@id\":\"https:\/\/www.mcmuffin.de\/#\/schema\/logo\/image\/\",\"url\":\"https:\/\/www.mcmuffin.de\/wp-content\/uploads\/2020\/03\/Nie-ohne-mein-Angebot3.png\",\"contentUrl\":\"https:\/\/www.mcmuffin.de\/wp-content\/uploads\/2020\/03\/Nie-ohne-mein-Angebot3.png\",\"width\":648,\"height\":294,\"caption\":\"gerhardts Werbung\"},\"image\":{\"@id\":\"https:\/\/www.mcmuffin.de\/#\/schema\/logo\/image\/\"}}]}<\/script>\n<!-- \/ Yoast SEO plugin. -->","yoast_head_json":{"title":"Abi-Shirts - gerhardts Werbung","robots":{"index":"index","follow":"follow","max-snippet":"max-snippet:-1","max-image-preview":"max-image-preview:large","max-video-preview":"max-video-preview:-1"},"canonical":"https:\/\/xneuy.mcmuffin.de\/index.php\/abi-shirts\/","og_locale":"de_DE","og_type":"article","og_title":"Abi-Shirts - gerhardts Werbung","og_description":"Alle | Jahre | wieder &nbsp;Shirts f\u00fcrs Abi &nbsp;Ein einmaliger Tag. Nicht zu wiederholen. Keine Kompromisse. Keine M\u00f6glichkeit f\u00fcr Versuche. Wir fertigen eure Abi Shirts\u00a0zu vern\u00fcnftigen Konditionen. Durch unser Engagement als Wirtschaftspate bei Juniorunternehmen im schulischen Rahmen hat sich im Laufe der Zeit ein guter Kontakt zu vielen Schulen entwickelt. Die Fertigung der Abi oder [&hellip;]","og_url":"https:\/\/xneuy.mcmuffin.de\/index.php\/abi-shirts\/","og_site_name":"gerhardts Werbung","article_modified_time":"2025-01-04T15:09:55+00:00","twitter_card":"summary_large_image","twitter_misc":{"Gesch\u00e4tzte Lesezeit":"1\u00a0Minute"},"schema":{"@context":"https:\/\/schema.org","@graph":[{"@type":"WebPage","@id":"https:\/\/xneuy.mcmuffin.de\/index.php\/abi-shirts\/","url":"https:\/\/xneuy.mcmuffin.de\/index.php\/abi-shirts\/","name":"Abi-Shirts - gerhardts Werbung","isPartOf":{"@id":"https:\/\/www.mcmuffin.de\/#website"},"datePublished":"2018-11-09T10:59:18+00:00","dateModified":"2025-01-04T15:09:55+00:00","breadcrumb":{"@id":"https:\/\/xneuy.mcmuffin.de\/index.php\/abi-shirts\/#breadcrumb"},"inLanguage":"de","potentialAction":[{"@type":"ReadAction","target":["https:\/\/xneuy.mcmuffin.de\/index.php\/abi-shirts\/"]}]},{"@type":"BreadcrumbList","@id":"https:\/\/xneuy.mcmuffin.de\/index.php\/abi-shirts\/#breadcrumb","itemListElement":[{"@type":"ListItem","position":1,"name":"Startseite","item":"https:\/\/www.mcmuffin.de\/"},{"@type":"ListItem","position":2,"name":"Abi-Shirts"}]},{"@type":"WebSite","@id":"https:\/\/www.mcmuffin.de\/#website","url":"https:\/\/www.mcmuffin.de\/","name":"gerhardts Werbung","description":"Deine Vision sichtbar","publisher":{"@id":"https:\/\/www.mcmuffin.de\/#organization"},"potentialAction":[{"@type":"SearchAction","target":{"@type":"EntryPoint","urlTemplate":"https:\/\/www.mcmuffin.de\/?s={search_term_string}"},"query-input":{"@type":"PropertyValueSpecification","valueRequired":true,"valueName":"search_term_string"}}],"inLanguage":"de"},{"@type":"Organization","@id":"https:\/\/www.mcmuffin.de\/#organization","name":"gerhardts Werbung","url":"https:\/\/www.mcmuffin.de\/","logo":{"@type":"ImageObject","inLanguage":"de","@id":"https:\/\/www.mcmuffin.de\/#\/schema\/logo\/image\/","url":"https:\/\/www.mcmuffin.de\/wp-content\/uploads\/2020\/03\/Nie-ohne-mein-Angebot3.png","contentUrl":"https:\/\/www.mcmuffin.de\/wp-content\/uploads\/2020\/03\/Nie-ohne-mein-Angebot3.png","width":648,"height":294,"caption":"gerhardts Werbung"},"image":{"@id":"https:\/\/www.mcmuffin.de\/#\/schema\/logo\/image\/"}}]}},"_links":{"self":[{"href":"https:\/\/www.mcmuffin.de\/index.php\/wp-json\/wp\/v2\/pages\/45","targetHints":{"allow":["GET"]}}],"collection":[{"href":"https:\/\/www.mcmuffin.de\/index.php\/wp-json\/wp\/v2\/pages"}],"about":[{"href":"https:\/\/www.mcmuffin.de\/index.php\/wp-json\/wp\/v2\/types\/page"}],"author":[{"embeddable":true,"href":"https:\/\/www.mcmuffin.de\/index.php\/wp-json\/wp\/v2\/users\/1"}],"replies":[{"embeddable":true,"href":"https:\/\/www.mcmuffin.de\/index.php\/wp-json\/wp\/v2\/comments?post=45"}],"version-history":[{"count":3,"href":"https:\/\/www.mcmuffin.de\/index.php\/wp-json\/wp\/v2\/pages\/45\/revisions"}],"predecessor-version":[{"id":3174,"href":"https:\/\/www.mcmuffin.de\/index.php\/wp-json\/wp\/v2\/pages\/45\/revisions\/3174"}],"wp:attachment":[{"href":"https:\/\/www.mcmuffin.de\/index.php\/wp-json\/wp\/v2\/media?parent=45"}],"curies":[{"name":"wp","href":"https:\/\/api.w.org\/{rel}","templated":true}]}}