{"id":43,"date":"2018-11-09T11:58:41","date_gmt":"2018-11-09T10:58:41","guid":{"rendered":"https:\/\/www.mcmuffin.de\/?page_id=43"},"modified":"2024-11-04T15:32:37","modified_gmt":"2024-11-04T14:32:37","slug":"siebdrucktransfer","status":"publish","type":"page","link":"https:\/\/www.mcmuffin.de\/index.php\/siebdrucktransfer\/","title":{"rendered":"Siebdrucktransfer"},"content":{"rendered":"<p>[et_pb_section fb_built=&#8220;1&#8243; next_background_color=&#8220;#005e89&#8243; admin_label=&#8220;section&#8220; _builder_version=&#8220;4.27.2&#8243; use_background_color_gradient=&#8220;on&#8220; background_color_gradient_direction=&#8220;163deg&#8220; background_color_gradient_stops=&#8220;rgba(0,94,137,0.91) 0%|rgba(0,0,0,0.41) 100%&#8220; background_color_gradient_overlays_image=&#8220;on&#8220; background_color_gradient_start=&#8220;#005e89&#8243; background_color_gradient_end=&#8220;rgba(0,0,0,0.6)&#8220; background_image=&#8220;https:\/\/www.mcmuffin.de\/wp-content\/uploads\/2024\/11\/Siebdruck_Textil.jpg&#8220; min_height=&#8220;683px&#8220; custom_margin=&#8220;||-1px|||&#8220; custom_padding=&#8220;0px|0px|1px|0px|false|false&#8220; bottom_divider_style=&#8220;ramp2&#8243; bottom_divider_flip=&#8220;horizontal&#8220; animation_style=&#8220;zoom&#8220; animation_intensity_zoom=&#8220;4%&#8220; global_colors_info=&#8220;{}&#8220;][et_pb_row admin_label=&#8220;row&#8220; _builder_version=&#8220;4.27.2&#8243; background_size=&#8220;initial&#8220; background_position=&#8220;top_left&#8220; background_repeat=&#8220;repeat&#8220; hover_enabled=&#8220;0&#8243; global_colors_info=&#8220;{}&#8220; custom_padding=&#8220;58px||||false|false&#8220; sticky_enabled=&#8220;0&#8243; custom_padding_last_edited=&#8220;on|phone&#8220; custom_padding_tablet=&#8220;58px||||false|false&#8220; custom_padding_phone=&#8220;58px||||false|false&#8220;][et_pb_column type=&#8220;4_4&#8243; _builder_version=&#8220;4.16&#8243; custom_padding=&#8220;|||&#8220; global_colors_info=&#8220;{}&#8220; custom_padding__hover=&#8220;|||&#8220;][et_pb_text _builder_version=&#8220;4.27.2&#8243; _module_preset=&#8220;default&#8220; hover_enabled=&#8220;0&#8243; sticky_enabled=&#8220;0&#8243;]<\/p>\n<p>Siebdruck | Transfer | Plastisol<\/p>\n<p>[\/et_pb_text][et_pb_text _builder_version=&#8220;4.27.2&#8243; _module_preset=&#8220;default&#8220; header_font_size=&#8220;33px&#8220; hover_enabled=&#8220;0&#8243; sticky_enabled=&#8220;0&#8243;]<\/p>\n<h1>Siebdruck und\u00a0<br \/>Siebdrucktransfer<\/h1>\n<p>[\/et_pb_text][et_pb_text admin_label=&#8220;Text&#8220; _builder_version=&#8220;4.27.2&#8243; hover_enabled=&#8220;0&#8243; global_colors_info=&#8220;{}&#8220; header_2_font=&#8220;|700||on|||||&#8220; header_2_font_size=&#8220;23px&#8220; sticky_enabled=&#8220;0&#8243;]<\/p>\n<h2>G\u00fcnstiges bedrucken <br \/>im Siebdruck bei <br \/>hohen St\u00fcckzahlen<\/h2>\n<p align=\"justify\">\n<p>[\/et_pb_text][et_pb_text admin_label=&#8220;Text&#8220; _builder_version=&#8220;4.27.2&#8243; hover_enabled=&#8220;0&#8243; global_colors_info=&#8220;{}&#8220; sticky_enabled=&#8220;0&#8243; background_layout=&#8220;dark&#8220; text_font=&#8220;Montserrat|500|||||||&#8220; text_letter_spacing=&#8220;0px&#8220;]<\/p>\n<p>Beim bedrucken h\u00f6herer St\u00fcckzahlen oder der Darstellung feiner Details hat sich der\u00a0<strong>Siebdrucktransfer<\/strong>\u00a0durchgestzt. Eine spezielle Farbe und ein Klebergranulat werden auf ein beschichtetes Papier\u00a0gedruckt und mit einer Transferpresse aufgebracht. Selbst feine Details sind in diesem Verfahren darstellbar. Bedingt k\u00f6nnen auch Raster dargestellt werden. Auch bei Vielfarbigkeit der Motive macht dieses Druckverfahren Sinn.<\/p>\n<p>[\/et_pb_text][\/et_pb_column][\/et_pb_row][\/et_pb_section]<\/p>\n","protected":false},"excerpt":{"rendered":"<p>Siebdruck | Transfer | PlastisolSiebdruck und\u00a0SiebdrucktransferG\u00fcnstiges bedrucken im Siebdruck bei hohen St\u00fcckzahlen Beim bedrucken h\u00f6herer St\u00fcckzahlen oder der Darstellung feiner Details hat sich der\u00a0Siebdrucktransfer\u00a0durchgestzt. Eine spezielle Farbe und ein Klebergranulat werden auf ein beschichtetes Papier\u00a0gedruckt und mit einer Transferpresse aufgebracht. Selbst feine Details sind in diesem Verfahren darstellbar. Bedingt k\u00f6nnen auch Raster dargestellt werden. Auch [&hellip;]<\/p>\n","protected":false},"author":1,"featured_media":0,"parent":0,"menu_order":0,"comment_status":"closed","ping_status":"closed","template":"","meta":{"_et_pb_use_builder":"on","_et_pb_old_content":"<h2>G\u00fcnstiges bedrucken auch hoher St\u00fcckzahlen<\/h2>\r\n<p align=\"justify\">Beim bedrucken h\u00f6herer St\u00fcckzahlen oder der Darstellung feiner Details hat sich der\u00a0<strong>Siebdrucktransfer<\/strong>\u00a0durchgestzt. Eine spezielle Farbe und ein Klebergranulat werden auf ein beschichtetes Papier\u00a0gedruckt und mit einer Transferpresse aufgebracht. Selbst feine Details sind in diesem Verfahren darstellbar. Bedingt k\u00f6nnen auch Raster dargestellt werden. Auch bei Vielfarbigkeit der Motive macht dieses Druckverfahren Sinn.<\/p>","_et_gb_content_width":"","footnotes":""},"class_list":["post-43","page","type-page","status-publish","hentry"],"yoast_head":"<!-- This site is optimized with the Yoast SEO plugin v26.6 - https:\/\/yoast.com\/wordpress\/plugins\/seo\/ -->\n<title>Siebdrucktransfer - gerhardts Werbung<\/title>\n<meta name=\"robots\" content=\"index, follow, max-snippet:-1, max-image-preview:large, max-video-preview:-1\" \/>\n<link rel=\"canonical\" href=\"https:\/\/xneuy.mcmuffin.de\/index.php\/siebdrucktransfer\/\" \/>\n<meta property=\"og:locale\" content=\"de_DE\" \/>\n<meta property=\"og:type\" content=\"article\" \/>\n<meta property=\"og:title\" content=\"Siebdrucktransfer - gerhardts Werbung\" \/>\n<meta property=\"og:description\" content=\"Siebdruck | Transfer | PlastisolSiebdruck und\u00a0SiebdrucktransferG\u00fcnstiges bedrucken im Siebdruck bei hohen St\u00fcckzahlen Beim bedrucken h\u00f6herer St\u00fcckzahlen oder der Darstellung feiner Details hat sich der\u00a0Siebdrucktransfer\u00a0durchgestzt. Eine spezielle Farbe und ein Klebergranulat werden auf ein beschichtetes Papier\u00a0gedruckt und mit einer Transferpresse aufgebracht. Selbst feine Details sind in diesem Verfahren darstellbar. Bedingt k\u00f6nnen auch Raster dargestellt werden. Auch [&hellip;]\" \/>\n<meta property=\"og:url\" content=\"https:\/\/xneuy.mcmuffin.de\/index.php\/siebdrucktransfer\/\" \/>\n<meta property=\"og:site_name\" content=\"gerhardts Werbung\" \/>\n<meta property=\"article:modified_time\" content=\"2024-11-04T14:32:37+00:00\" \/>\n<meta name=\"twitter:card\" content=\"summary_large_image\" \/>\n<meta name=\"twitter:label1\" content=\"Gesch\u00e4tzte Lesezeit\" \/>\n\t<meta name=\"twitter:data1\" content=\"2\u00a0Minuten\" \/>\n<script type=\"application\/ld+json\" class=\"yoast-schema-graph\">{\"@context\":\"https:\/\/schema.org\",\"@graph\":[{\"@type\":\"WebPage\",\"@id\":\"https:\/\/xneuy.mcmuffin.de\/index.php\/siebdrucktransfer\/\",\"url\":\"https:\/\/xneuy.mcmuffin.de\/index.php\/siebdrucktransfer\/\",\"name\":\"Siebdrucktransfer - gerhardts Werbung\",\"isPartOf\":{\"@id\":\"https:\/\/www.mcmuffin.de\/#website\"},\"datePublished\":\"2018-11-09T10:58:41+00:00\",\"dateModified\":\"2024-11-04T14:32:37+00:00\",\"breadcrumb\":{\"@id\":\"https:\/\/xneuy.mcmuffin.de\/index.php\/siebdrucktransfer\/#breadcrumb\"},\"inLanguage\":\"de\",\"potentialAction\":[{\"@type\":\"ReadAction\",\"target\":[\"https:\/\/xneuy.mcmuffin.de\/index.php\/siebdrucktransfer\/\"]}]},{\"@type\":\"BreadcrumbList\",\"@id\":\"https:\/\/xneuy.mcmuffin.de\/index.php\/siebdrucktransfer\/#breadcrumb\",\"itemListElement\":[{\"@type\":\"ListItem\",\"position\":1,\"name\":\"Startseite\",\"item\":\"https:\/\/www.mcmuffin.de\/\"},{\"@type\":\"ListItem\",\"position\":2,\"name\":\"Siebdrucktransfer\"}]},{\"@type\":\"WebSite\",\"@id\":\"https:\/\/www.mcmuffin.de\/#website\",\"url\":\"https:\/\/www.mcmuffin.de\/\",\"name\":\"gerhardts Werbung\",\"description\":\"Deine Vision sichtbar\",\"publisher\":{\"@id\":\"https:\/\/www.mcmuffin.de\/#organization\"},\"potentialAction\":[{\"@type\":\"SearchAction\",\"target\":{\"@type\":\"EntryPoint\",\"urlTemplate\":\"https:\/\/www.mcmuffin.de\/?s={search_term_string}\"},\"query-input\":{\"@type\":\"PropertyValueSpecification\",\"valueRequired\":true,\"valueName\":\"search_term_string\"}}],\"inLanguage\":\"de\"},{\"@type\":\"Organization\",\"@id\":\"https:\/\/www.mcmuffin.de\/#organization\",\"name\":\"gerhardts Werbung\",\"url\":\"https:\/\/www.mcmuffin.de\/\",\"logo\":{\"@type\":\"ImageObject\",\"inLanguage\":\"de\",\"@id\":\"https:\/\/www.mcmuffin.de\/#\/schema\/logo\/image\/\",\"url\":\"https:\/\/www.mcmuffin.de\/wp-content\/uploads\/2020\/03\/Nie-ohne-mein-Angebot3.png\",\"contentUrl\":\"https:\/\/www.mcmuffin.de\/wp-content\/uploads\/2020\/03\/Nie-ohne-mein-Angebot3.png\",\"width\":648,\"height\":294,\"caption\":\"gerhardts Werbung\"},\"image\":{\"@id\":\"https:\/\/www.mcmuffin.de\/#\/schema\/logo\/image\/\"}}]}<\/script>\n<!-- \/ Yoast SEO plugin. -->","yoast_head_json":{"title":"Siebdrucktransfer - gerhardts Werbung","robots":{"index":"index","follow":"follow","max-snippet":"max-snippet:-1","max-image-preview":"max-image-preview:large","max-video-preview":"max-video-preview:-1"},"canonical":"https:\/\/xneuy.mcmuffin.de\/index.php\/siebdrucktransfer\/","og_locale":"de_DE","og_type":"article","og_title":"Siebdrucktransfer - gerhardts Werbung","og_description":"Siebdruck | Transfer | PlastisolSiebdruck und\u00a0SiebdrucktransferG\u00fcnstiges bedrucken im Siebdruck bei hohen St\u00fcckzahlen Beim bedrucken h\u00f6herer St\u00fcckzahlen oder der Darstellung feiner Details hat sich der\u00a0Siebdrucktransfer\u00a0durchgestzt. Eine spezielle Farbe und ein Klebergranulat werden auf ein beschichtetes Papier\u00a0gedruckt und mit einer Transferpresse aufgebracht. Selbst feine Details sind in diesem Verfahren darstellbar. Bedingt k\u00f6nnen auch Raster dargestellt werden. Auch [&hellip;]","og_url":"https:\/\/xneuy.mcmuffin.de\/index.php\/siebdrucktransfer\/","og_site_name":"gerhardts Werbung","article_modified_time":"2024-11-04T14:32:37+00:00","twitter_card":"summary_large_image","twitter_misc":{"Gesch\u00e4tzte Lesezeit":"2\u00a0Minuten"},"schema":{"@context":"https:\/\/schema.org","@graph":[{"@type":"WebPage","@id":"https:\/\/xneuy.mcmuffin.de\/index.php\/siebdrucktransfer\/","url":"https:\/\/xneuy.mcmuffin.de\/index.php\/siebdrucktransfer\/","name":"Siebdrucktransfer - gerhardts Werbung","isPartOf":{"@id":"https:\/\/www.mcmuffin.de\/#website"},"datePublished":"2018-11-09T10:58:41+00:00","dateModified":"2024-11-04T14:32:37+00:00","breadcrumb":{"@id":"https:\/\/xneuy.mcmuffin.de\/index.php\/siebdrucktransfer\/#breadcrumb"},"inLanguage":"de","potentialAction":[{"@type":"ReadAction","target":["https:\/\/xneuy.mcmuffin.de\/index.php\/siebdrucktransfer\/"]}]},{"@type":"BreadcrumbList","@id":"https:\/\/xneuy.mcmuffin.de\/index.php\/siebdrucktransfer\/#breadcrumb","itemListElement":[{"@type":"ListItem","position":1,"name":"Startseite","item":"https:\/\/www.mcmuffin.de\/"},{"@type":"ListItem","position":2,"name":"Siebdrucktransfer"}]},{"@type":"WebSite","@id":"https:\/\/www.mcmuffin.de\/#website","url":"https:\/\/www.mcmuffin.de\/","name":"gerhardts Werbung","description":"Deine Vision sichtbar","publisher":{"@id":"https:\/\/www.mcmuffin.de\/#organization"},"potentialAction":[{"@type":"SearchAction","target":{"@type":"EntryPoint","urlTemplate":"https:\/\/www.mcmuffin.de\/?s={search_term_string}"},"query-input":{"@type":"PropertyValueSpecification","valueRequired":true,"valueName":"search_term_string"}}],"inLanguage":"de"},{"@type":"Organization","@id":"https:\/\/www.mcmuffin.de\/#organization","name":"gerhardts Werbung","url":"https:\/\/www.mcmuffin.de\/","logo":{"@type":"ImageObject","inLanguage":"de","@id":"https:\/\/www.mcmuffin.de\/#\/schema\/logo\/image\/","url":"https:\/\/www.mcmuffin.de\/wp-content\/uploads\/2020\/03\/Nie-ohne-mein-Angebot3.png","contentUrl":"https:\/\/www.mcmuffin.de\/wp-content\/uploads\/2020\/03\/Nie-ohne-mein-Angebot3.png","width":648,"height":294,"caption":"gerhardts Werbung"},"image":{"@id":"https:\/\/www.mcmuffin.de\/#\/schema\/logo\/image\/"}}]}},"_links":{"self":[{"href":"https:\/\/www.mcmuffin.de\/index.php\/wp-json\/wp\/v2\/pages\/43","targetHints":{"allow":["GET"]}}],"collection":[{"href":"https:\/\/www.mcmuffin.de\/index.php\/wp-json\/wp\/v2\/pages"}],"about":[{"href":"https:\/\/www.mcmuffin.de\/index.php\/wp-json\/wp\/v2\/types\/page"}],"author":[{"embeddable":true,"href":"https:\/\/www.mcmuffin.de\/index.php\/wp-json\/wp\/v2\/users\/1"}],"replies":[{"embeddable":true,"href":"https:\/\/www.mcmuffin.de\/index.php\/wp-json\/wp\/v2\/comments?post=43"}],"version-history":[{"count":3,"href":"https:\/\/www.mcmuffin.de\/index.php\/wp-json\/wp\/v2\/pages\/43\/revisions"}],"predecessor-version":[{"id":2346,"href":"https:\/\/www.mcmuffin.de\/index.php\/wp-json\/wp\/v2\/pages\/43\/revisions\/2346"}],"wp:attachment":[{"href":"https:\/\/www.mcmuffin.de\/index.php\/wp-json\/wp\/v2\/media?parent=43"}],"curies":[{"name":"wp","href":"https:\/\/api.w.org\/{rel}","templated":true}]}}