{"id":41,"date":"2018-11-09T11:58:02","date_gmt":"2018-11-09T10:58:02","guid":{"rendered":"https:\/\/www.mcmuffin.de\/?page_id=41"},"modified":"2024-11-02T12:55:23","modified_gmt":"2024-11-02T11:55:23","slug":"transferdruck","status":"publish","type":"page","link":"https:\/\/www.mcmuffin.de\/index.php\/transferdruck\/","title":{"rendered":"Transferdruck Flex"},"content":{"rendered":"<p>[et_pb_section fb_built=&#8220;1&#8243; admin_label=&#8220;Hero&#8220; _builder_version=&#8220;4.27.2&#8243; custom_padding=&#8220;0px|0px|1px|0px|false|false&#8220; animation_style=&#8220;zoom&#8220; animation_intensity_zoom=&#8220;4%&#8220; locked=&#8220;off&#8220; global_colors_info=&#8220;{}&#8220; sticky_enabled=&#8220;0&#8243; next_background_color=&#8220;#005e89&#8243; use_background_color_gradient=&#8220;on&#8220; background_color_gradient_direction=&#8220;163deg&#8220; background_color_gradient_stops=&#8220;#005e89 0%|rgba(0,0,0,0.6) 100%&#8220; background_color_gradient_overlays_image=&#8220;on&#8220; background_color_gradient_start=&#8220;#005e89&#8243; background_color_gradient_end=&#8220;rgba(0,0,0,0.6)&#8220; background_image=&#8220;https:\/\/www.mcmuffin.de\/wp-content\/uploads\/2023\/04\/DSC01788.jpg&#8220; min_height=&#8220;683px&#8220; custom_margin=&#8220;||||false|false&#8220; bottom_divider_style=&#8220;ramp2&#8243; bottom_divider_flip=&#8220;horizontal&#8220; alt=&#8220;Textildruck Flexfolie&#8220; title_text=&#8220;DSC01788&#8243; hover_enabled=&#8220;0&#8243; custom_margin_last_edited=&#8220;on|tablet&#8220; custom_margin_phone=&#8220;19px||||false|false&#8220; custom_padding_last_edited=&#8220;on|phone&#8220; custom_padding_tablet=&#8220;45px||||false|false&#8220; custom_padding_phone=&#8220;29px||||false|false&#8220; custom_margin_tablet=&#8220;||||false|false&#8220;][et_pb_row module_class=&#8220; et_pb_row_fullwidth&#8220; _builder_version=&#8220;4.27.2&#8243; width=&#8220;90%&#8220; width_tablet=&#8220;100%&#8220; width_phone=&#8220;&#8220; width_last_edited=&#8220;on|phone&#8220; max_width=&#8220;100%&#8220; max_width_tablet=&#8220;100%&#8220; max_width_phone=&#8220;&#8220; max_width_last_edited=&#8220;on|desktop&#8220; custom_margin=&#8220;|auto||auto|false|false&#8220; custom_padding=&#8220;0px||0px||false|false&#8220; animation_style=&#8220;slide&#8220; animation_direction=&#8220;top&#8220; animation_intensity_slide=&#8220;3%&#8220; hover_enabled=&#8220;0&#8243; make_fullwidth=&#8220;on&#8220; global_colors_info=&#8220;{}&#8220; sticky_enabled=&#8220;0&#8243;][et_pb_column type=&#8220;4_4&#8243; _builder_version=&#8220;4.27.2&#8243; custom_padding=&#8220;5%|10px|5%|10%|false|false&#8220; hover_enabled=&#8220;0&#8243; global_colors_info=&#8220;{}&#8220; custom_padding__hover=&#8220;|||&#8220; sticky_enabled=&#8220;0&#8243;][et_pb_text _builder_version=&#8220;4.27.2&#8243; hover_enabled=&#8220;0&#8243; locked=&#8220;off&#8220; global_colors_info=&#8220;{}&#8220; content_last_edited=&#8220;on|phone&#8220; sticky_enabled=&#8220;0&#8243; content_tablet=&#8220;<\/p>\n<h3>Arbeit | Sport | Fun<\/h3>\n<p>&#8220; content_phone=&#8220;<\/p>\n<h3>Arbeit | Sport | Fun<\/h3>\n<p>&#8222;]<\/p>\n<h3>Arbeit | Sport | Fun<\/h3>\n<p>[\/et_pb_text][et_pb_text _builder_version=&#8220;4.27.2&#8243; text_font=&#8220;||||||||&#8220; custom_margin=&#8220;||40px|&#8220; animation_style=&#8220;fade&#8220; hover_enabled=&#8220;0&#8243; header_font_size_tablet=&#8220;&#8220; header_font_size_phone=&#8220;36px&#8220; header_font_size_last_edited=&#8220;on|phone&#8220; locked=&#8220;off&#8220; global_colors_info=&#8220;{}&#8220; content_last_edited=&#8220;on|phone&#8220; sticky_enabled=&#8220;0&#8243; content_tablet=&#8220;<\/p>\n<h1>Sofort zu erkennen!<\/h1>\n<p>&#8220; content_phone=&#8220;<\/p>\n<h1>Sofort zu erkennen!<\/h1>\n<p>&#8222;]<\/p>\n<h1>Sofort zu erkennen!<\/h1>\n<p>[\/et_pb_text][et_pb_text content_tablet=&#8220;<\/p>\n<p>L\u00e4sst Du jeden rein? Andere auch nicht.<br \/> Der erste Eindruck an der T\u00fcr.<\/p>\n<p>&#8220; content_phone=&#8220;<\/p>\n<p>L\u00e4sst Du jeden rein?<br \/>Andere auch nicht.<br \/> Der erste Eindruck<br \/>an der T\u00fcr.<\/p>\n<p>&#8220; content_last_edited=&#8220;on|phone&#8220; _builder_version=&#8220;4.27.2&#8243; text_font=&#8220;Montserrat|600|||||||&#8220; text_font_size=&#8220;17px&#8220; header_font=&#8220;||||||||&#8220; custom_margin=&#8220;||50px|&#8220; animation_direction=&#8220;top&#8220; animation_intensity_slide=&#8220;17%&#8220; hover_enabled=&#8220;0&#8243; locked=&#8220;off&#8220; global_colors_info=&#8220;{}&#8220; sticky_enabled=&#8220;0&#8243;]<\/p>\n<p>L\u00e4sst Du jeden rein? Andere auch nicht.<br \/> Der erste Eindruck an der T\u00fcr.<\/p>\n<p>[\/et_pb_text][\/et_pb_column][\/et_pb_row][\/et_pb_section][et_pb_section fb_built=&#8220;1&#8243; admin_label=&#8220;section&#8220; _builder_version=&#8220;4.16&#8243; background_color=&#8220;#005e89&#8243; global_colors_info=&#8220;{}&#8220;][et_pb_row column_structure=&#8220;2_3,1_3&#8243; custom_padding_last_edited=&#8220;on|phone&#8220; admin_label=&#8220;row&#8220; _builder_version=&#8220;4.27.2&#8243; background_size=&#8220;initial&#8220; background_position=&#8220;top_left&#8220; background_repeat=&#8220;repeat&#8220; width=&#8220;90%&#8220; module_alignment=&#8220;center&#8220; custom_margin=&#8220;||||false|false&#8220; custom_padding=&#8220;2px|||||&#8220; custom_padding_tablet=&#8220;&#8220; custom_padding_phone=&#8220;|0px||0px|false|false&#8220; hover_enabled=&#8220;0&#8243; global_colors_info=&#8220;{}&#8220; custom_padding__hover_enabled=&#8220;off|desktop&#8220; sticky_enabled=&#8220;0&#8243;][et_pb_column type=&#8220;2_3&#8243; _builder_version=&#8220;4.16&#8243; custom_padding=&#8220;|||&#8220; global_colors_info=&#8220;{}&#8220; custom_padding__hover=&#8220;|||&#8220;][et_pb_text admin_label=&#8220;Text&#8220; _builder_version=&#8220;4.27.2&#8243; header_3_line_height=&#8220;1.7em&#8220; module_alignment=&#8220;center&#8220; custom_padding=&#8220;||||false|false&#8220; hover_enabled=&#8220;0&#8243; global_colors_info=&#8220;{}&#8220; sticky_enabled=&#8220;0&#8243; custom_margin_last_edited=&#8220;on|phone&#8220; max_width_last_edited=&#8220;on|tablet&#8220;]<\/p>\n<h2>Kleine und mittlere Auflagen<\/h2>\n<h3><\/h3>\n<h3>G\u00fcnstig bedrucken im Flex Transferdruck<span style=\"font-size: 16px; font-weight: 500; letter-spacing: 3px;\">\u00a0<\/span><\/h3>\n<p>[\/et_pb_text][et_pb_text admin_label=&#8220;Text&#8220; _builder_version=&#8220;4.16&#8243; text_font=&#8220;Montserrat|500|||||||&#8220; text_font_size=&#8220;17px&#8220; text_letter_spacing=&#8220;0px&#8220; header_2_font=&#8220;Montserrat|700|||||||&#8220; module_alignment=&#8220;center&#8220; global_colors_info=&#8220;{}&#8220;]<\/p>\n<p><span style=\"font-size: 16px; font-weight: 500;\">Kleiner Laden? Kleine Handwerksbude? Oder doch mit vielen Mitarbeitern? Einzelst\u00fccke, kleine Auflagen und sogar gro\u00dfe St\u00fcckzahlen sind mit dem <\/span><strong style=\"font-size: 16px;\">Transferdruck<\/strong><span style=\"font-size: 16px; font-weight: 500;\"> kosteng\u00fcnstig m\u00f6glich. Dabei werden Transfermaterialien mit einem Laser geschnitten und mittels Transferpresse aufgebracht.<\/span><\/p>\n<p>\u00a0<span style=\"font-size: 17px;\">Je nach verwendetem Material sind die Drucke nahezu unverw\u00fcstlich und kommen auch gerne bei Arbeitskleidung zum Einsatz. Lasermaschinen schaffen bei der Fertigung auch kleinste Elemente und kleine Schriften. Kontursch\u00e4rfe garantiert.\u00a0 <\/span><strong style=\"font-size: 17px;\">Mehrfarbige Drucke\u00a0<\/strong><span style=\"font-size: 17px;\">sind auch in diesem Verfahren m\u00f6glich. Flock- und Flexmaterial ist in vielen Farben und sogar Effekten erh\u00e4ltlich. Viele vorgefertigte Decore, wie z.B. Jeansimitat, Camouflage oder Graffittymuster, stehen zur Verf\u00fcgung<\/span><\/p>\n<p>Bei hohen St\u00fcckzahlen lohnt sich das Verfahren dann, wenn man auf hohe Qualit\u00e4t setzt und viele verschiedene Textilien oder Platzierungen gedruckt werden sollen. Au\u00dferdem ist es m\u00f6glich Einzelst\u00fccke ohne gro\u00dfen Aufwand nachzufertigen, bei gleichbleibender Optik.<\/p>\n<p>[\/et_pb_text][\/et_pb_column][et_pb_column type=&#8220;1_3&#8243; _builder_version=&#8220;4.16&#8243; custom_padding=&#8220;|||&#8220; global_colors_info=&#8220;{}&#8220; custom_padding__hover=&#8220;|||&#8220;][et_pb_blurb title=&#8220;Transferdruck lohnt bei&#8220; image=&#8220;https:\/\/www.mcmuffin.de\/wp-content\/uploads\/2024\/10\/Flexdruck2.jpg&#8220; image_icon_width=&#8220;99%&#8220; _builder_version=&#8220;4.27.2&#8243; header_font=&#8220;|700||on|||||&#8220; header_text_color=&#8220;#ffffff&#8220; header_font_size=&#8220;21px&#8220; body_font=&#8220;Montserrat|700|||||||&#8220; body_font_size=&#8220;19px&#8220; body_line_height=&#8220;1.8em&#8220; background_color=&#8220;rgba(255,255,255,0.25)&#8220; background_layout=&#8220;dark&#8220; width=&#8220;77%&#8220; module_alignment=&#8220;center&#8220; custom_margin=&#8220;49px|||||&#8220; custom_padding=&#8220;18px|13px|23px|17px||&#8220; scroll_vertical_motion_enable=&#8220;on&#8220; hover_enabled=&#8220;0&#8243; box_shadow_style=&#8220;preset1&#8243; box_shadow_blur=&#8220;59px&#8220; box_shadow_spread=&#8220;24px&#8220; image_max_width=&#8220;99%&#8220; global_colors_info=&#8220;{}&#8220; scroll_vertical_motion=&#8220;0|25|80|100|4|0|-4&#8243; sticky_enabled=&#8220;0&#8243;]<\/p>\n<p>\u2022 Einzelst\u00fccken<br \/> \u2022 kleinen Auflagen<br \/> \u2022 mittleren Auflagen<br \/> \u2022 unterschiedlichen Platzierungen<br \/> \u2022 viele verschiedene Textilien<br \/> \u2022 Nachdruck<\/p>\n<p>[\/et_pb_blurb][\/et_pb_column][\/et_pb_row][\/et_pb_section]<\/p>\n","protected":false},"excerpt":{"rendered":"<p>Arbeit | Sport | FunSofort zu erkennen!L\u00e4sst Du jeden rein? Andere auch nicht. Der erste Eindruck an der T\u00fcr.Kleine und mittlere Auflagen G\u00fcnstig bedrucken im Flex Transferdruck\u00a0Kleiner Laden? Kleine Handwerksbude? Oder doch mit vielen Mitarbeitern? Einzelst\u00fccke, kleine Auflagen und sogar gro\u00dfe St\u00fcckzahlen sind mit dem Transferdruck kosteng\u00fcnstig m\u00f6glich. Dabei werden Transfermaterialien mit einem Laser geschnitten [&hellip;]<\/p>\n","protected":false},"author":1,"featured_media":273,"parent":0,"menu_order":0,"comment_status":"closed","ping_status":"closed","template":"","meta":{"_et_pb_use_builder":"on","_et_pb_old_content":"<h2>Kleine und mittlere Auflagen g\u00fcnstig bedrucken im Flex Transferdruck<\/h2>\nKleiner Laden? Kleine Handwerksbude? Oder doch mit vielen Mitarbeitern? Einzelst\u00fccke, kleine Auflagen und sogar gro\u00dfe St\u00fcckzahlen sind mit dem <strong>Transferdruck<\/strong> kosteng\u00fcnstig m\u00f6glich. Dabei werden Transfermaterialien mit einem Laser geschnitten und mittels Transferpresse aufgebracht.\n\n<strong>Transferdruck lohnt bei<\/strong>\n\u2022 Einzelst\u00fccken\n\u2022 kleinen Auflagen\n\u2022 mittleren Auflagen\n\u2022 unterschiedlichen Platzierungen\n\u2022 viele verschiedene Textilien\n\u2022 Nachdruck\n\nJe nach verwendetem Material sind die Drucke nahezu unverw\u00fcstlich und kommen auch gerne bei Arbeitskleidung zum Einsatz. Lasermaschinen schaffen bei der Fertigung auch kleinste Elemente und kleine Schriften. Kontursch\u00e4rfe garantiert.\u00a0 <strong>Mehrfarbige Drucke\u00a0<\/strong>sind auch in diesem Verfahren m\u00f6glich. Flock- und Flexmaterial ist in vielen Farben und sogar Effekten erh\u00e4ltlich. Viele vorgefertigte Decore, wie z.B. Jeansimitat, Camouflage oder Graffittymuster, stehen zur Verf\u00fcgung\n\nBei hohen St\u00fcckzahlen lohnt sich das Verfahren dann, wenn man auf hohe Qualit\u00e4t setzt und viele verschiedene Textilien oder Platzierungen gedruckt werden sollen. Au\u00dferdem ist es m\u00f6glich Einzelst\u00fccke ohne gro\u00dfen Aufwand nachzufertigen, bei gleichbleibender Optik.","_et_gb_content_width":"","footnotes":""},"class_list":["post-41","page","type-page","status-publish","has-post-thumbnail","hentry"],"yoast_head":"<!-- This site is optimized with the Yoast SEO plugin v26.6 - https:\/\/yoast.com\/wordpress\/plugins\/seo\/ -->\n<title>Transferdruck Flex - gerhardts Werbung - Remscheid - Bergisches Land<\/title>\n<meta name=\"description\" content=\"Transferdruck f\u00fcr Textil mit Flex oder Flock | F\u00fcr Einzelst\u00fccke, kleine und mittlere Auflagen | Ideal f\u00fcr Arbeitskleidung, Abishirts, Fun-Shirts, Jacken\" \/>\n<meta name=\"robots\" content=\"index, follow, max-snippet:-1, max-image-preview:large, max-video-preview:-1\" \/>\n<link rel=\"canonical\" href=\"https:\/\/xneuy.mcmuffin.de\/index.php\/transferdruck\/\" \/>\n<meta property=\"og:locale\" content=\"de_DE\" \/>\n<meta property=\"og:type\" content=\"article\" \/>\n<meta property=\"og:title\" content=\"Flexdruck f\u00fcr Textilien\" \/>\n<meta property=\"og:description\" content=\"Ideal f\u00fcrs Abishirt oder Arbeitskleidung. Kleine St\u00fcckzahlen wirtschaftlich herstellen\" \/>\n<meta property=\"og:url\" content=\"https:\/\/xneuy.mcmuffin.de\/index.php\/transferdruck\/\" \/>\n<meta property=\"og:site_name\" content=\"gerhardts Werbung\" \/>\n<meta property=\"article:modified_time\" content=\"2024-11-02T11:55:23+00:00\" \/>\n<meta property=\"og:image\" content=\"https:\/\/xneuy.mcmuffin.de\/wp-content\/uploads\/2020\/03\/Textildruck-Sublimation-e1584113977382.jpg\" \/>\n\t<meta property=\"og:image:width\" content=\"1200\" \/>\n\t<meta property=\"og:image:height\" content=\"900\" \/>\n\t<meta property=\"og:image:type\" content=\"image\/jpeg\" \/>\n<meta name=\"twitter:card\" content=\"summary_large_image\" \/>\n<meta name=\"twitter:label1\" content=\"Gesch\u00e4tzte Lesezeit\" \/>\n\t<meta name=\"twitter:data1\" content=\"4\u00a0Minuten\" \/>\n<script type=\"application\/ld+json\" class=\"yoast-schema-graph\">{\"@context\":\"https:\/\/schema.org\",\"@graph\":[{\"@type\":\"WebPage\",\"@id\":\"https:\/\/xneuy.mcmuffin.de\/index.php\/transferdruck\/\",\"url\":\"https:\/\/xneuy.mcmuffin.de\/index.php\/transferdruck\/\",\"name\":\"Transferdruck Flex - gerhardts Werbung - Remscheid - Bergisches Land\",\"isPartOf\":{\"@id\":\"https:\/\/www.mcmuffin.de\/#website\"},\"primaryImageOfPage\":{\"@id\":\"https:\/\/xneuy.mcmuffin.de\/index.php\/transferdruck\/#primaryimage\"},\"image\":{\"@id\":\"https:\/\/xneuy.mcmuffin.de\/index.php\/transferdruck\/#primaryimage\"},\"thumbnailUrl\":\"https:\/\/www.mcmuffin.de\/wp-content\/uploads\/2020\/03\/Flex-Testildruck.jpg\",\"datePublished\":\"2018-11-09T10:58:02+00:00\",\"dateModified\":\"2024-11-02T11:55:23+00:00\",\"description\":\"Transferdruck f\u00fcr Textil mit Flex oder Flock | F\u00fcr Einzelst\u00fccke, kleine und mittlere Auflagen | Ideal f\u00fcr Arbeitskleidung, Abishirts, Fun-Shirts, Jacken\",\"breadcrumb\":{\"@id\":\"https:\/\/xneuy.mcmuffin.de\/index.php\/transferdruck\/#breadcrumb\"},\"inLanguage\":\"de\",\"potentialAction\":[{\"@type\":\"ReadAction\",\"target\":[\"https:\/\/xneuy.mcmuffin.de\/index.php\/transferdruck\/\"]}]},{\"@type\":\"ImageObject\",\"inLanguage\":\"de\",\"@id\":\"https:\/\/xneuy.mcmuffin.de\/index.php\/transferdruck\/#primaryimage\",\"url\":\"https:\/\/www.mcmuffin.de\/wp-content\/uploads\/2020\/03\/Flex-Testildruck.jpg\",\"contentUrl\":\"https:\/\/www.mcmuffin.de\/wp-content\/uploads\/2020\/03\/Flex-Testildruck.jpg\",\"width\":2000,\"height\":1500,\"caption\":\"Lasergeschnittene Flexfolie im Hei\u00dftransfer aufgebracht. Kombiniert mit Bestickung und Applikationen\"},{\"@type\":\"BreadcrumbList\",\"@id\":\"https:\/\/xneuy.mcmuffin.de\/index.php\/transferdruck\/#breadcrumb\",\"itemListElement\":[{\"@type\":\"ListItem\",\"position\":1,\"name\":\"Startseite\",\"item\":\"https:\/\/www.mcmuffin.de\/\"},{\"@type\":\"ListItem\",\"position\":2,\"name\":\"Transferdruck Flex\"}]},{\"@type\":\"WebSite\",\"@id\":\"https:\/\/www.mcmuffin.de\/#website\",\"url\":\"https:\/\/www.mcmuffin.de\/\",\"name\":\"gerhardts Werbung\",\"description\":\"Deine Vision sichtbar\",\"publisher\":{\"@id\":\"https:\/\/www.mcmuffin.de\/#organization\"},\"potentialAction\":[{\"@type\":\"SearchAction\",\"target\":{\"@type\":\"EntryPoint\",\"urlTemplate\":\"https:\/\/www.mcmuffin.de\/?s={search_term_string}\"},\"query-input\":{\"@type\":\"PropertyValueSpecification\",\"valueRequired\":true,\"valueName\":\"search_term_string\"}}],\"inLanguage\":\"de\"},{\"@type\":\"Organization\",\"@id\":\"https:\/\/www.mcmuffin.de\/#organization\",\"name\":\"gerhardts Werbung\",\"url\":\"https:\/\/www.mcmuffin.de\/\",\"logo\":{\"@type\":\"ImageObject\",\"inLanguage\":\"de\",\"@id\":\"https:\/\/www.mcmuffin.de\/#\/schema\/logo\/image\/\",\"url\":\"https:\/\/www.mcmuffin.de\/wp-content\/uploads\/2020\/03\/Nie-ohne-mein-Angebot3.png\",\"contentUrl\":\"https:\/\/www.mcmuffin.de\/wp-content\/uploads\/2020\/03\/Nie-ohne-mein-Angebot3.png\",\"width\":648,\"height\":294,\"caption\":\"gerhardts Werbung\"},\"image\":{\"@id\":\"https:\/\/www.mcmuffin.de\/#\/schema\/logo\/image\/\"}}]}<\/script>\n<!-- \/ Yoast SEO plugin. -->","yoast_head_json":{"title":"Transferdruck Flex - gerhardts Werbung - Remscheid - Bergisches Land","description":"Transferdruck f\u00fcr Textil mit Flex oder Flock | F\u00fcr Einzelst\u00fccke, kleine und mittlere Auflagen | Ideal f\u00fcr Arbeitskleidung, Abishirts, Fun-Shirts, Jacken","robots":{"index":"index","follow":"follow","max-snippet":"max-snippet:-1","max-image-preview":"max-image-preview:large","max-video-preview":"max-video-preview:-1"},"canonical":"https:\/\/xneuy.mcmuffin.de\/index.php\/transferdruck\/","og_locale":"de_DE","og_type":"article","og_title":"Flexdruck f\u00fcr Textilien","og_description":"Ideal f\u00fcrs Abishirt oder Arbeitskleidung. Kleine St\u00fcckzahlen wirtschaftlich herstellen","og_url":"https:\/\/xneuy.mcmuffin.de\/index.php\/transferdruck\/","og_site_name":"gerhardts Werbung","article_modified_time":"2024-11-02T11:55:23+00:00","og_image":[{"width":1200,"height":900,"url":"https:\/\/xneuy.mcmuffin.de\/wp-content\/uploads\/2020\/03\/Textildruck-Sublimation-e1584113977382.jpg","type":"image\/jpeg"}],"twitter_card":"summary_large_image","twitter_misc":{"Gesch\u00e4tzte Lesezeit":"4\u00a0Minuten"},"schema":{"@context":"https:\/\/schema.org","@graph":[{"@type":"WebPage","@id":"https:\/\/xneuy.mcmuffin.de\/index.php\/transferdruck\/","url":"https:\/\/xneuy.mcmuffin.de\/index.php\/transferdruck\/","name":"Transferdruck Flex - gerhardts Werbung - Remscheid - Bergisches Land","isPartOf":{"@id":"https:\/\/www.mcmuffin.de\/#website"},"primaryImageOfPage":{"@id":"https:\/\/xneuy.mcmuffin.de\/index.php\/transferdruck\/#primaryimage"},"image":{"@id":"https:\/\/xneuy.mcmuffin.de\/index.php\/transferdruck\/#primaryimage"},"thumbnailUrl":"https:\/\/www.mcmuffin.de\/wp-content\/uploads\/2020\/03\/Flex-Testildruck.jpg","datePublished":"2018-11-09T10:58:02+00:00","dateModified":"2024-11-02T11:55:23+00:00","description":"Transferdruck f\u00fcr Textil mit Flex oder Flock | F\u00fcr Einzelst\u00fccke, kleine und mittlere Auflagen | Ideal f\u00fcr Arbeitskleidung, Abishirts, Fun-Shirts, Jacken","breadcrumb":{"@id":"https:\/\/xneuy.mcmuffin.de\/index.php\/transferdruck\/#breadcrumb"},"inLanguage":"de","potentialAction":[{"@type":"ReadAction","target":["https:\/\/xneuy.mcmuffin.de\/index.php\/transferdruck\/"]}]},{"@type":"ImageObject","inLanguage":"de","@id":"https:\/\/xneuy.mcmuffin.de\/index.php\/transferdruck\/#primaryimage","url":"https:\/\/www.mcmuffin.de\/wp-content\/uploads\/2020\/03\/Flex-Testildruck.jpg","contentUrl":"https:\/\/www.mcmuffin.de\/wp-content\/uploads\/2020\/03\/Flex-Testildruck.jpg","width":2000,"height":1500,"caption":"Lasergeschnittene Flexfolie im Hei\u00dftransfer aufgebracht. Kombiniert mit Bestickung und Applikationen"},{"@type":"BreadcrumbList","@id":"https:\/\/xneuy.mcmuffin.de\/index.php\/transferdruck\/#breadcrumb","itemListElement":[{"@type":"ListItem","position":1,"name":"Startseite","item":"https:\/\/www.mcmuffin.de\/"},{"@type":"ListItem","position":2,"name":"Transferdruck Flex"}]},{"@type":"WebSite","@id":"https:\/\/www.mcmuffin.de\/#website","url":"https:\/\/www.mcmuffin.de\/","name":"gerhardts Werbung","description":"Deine Vision sichtbar","publisher":{"@id":"https:\/\/www.mcmuffin.de\/#organization"},"potentialAction":[{"@type":"SearchAction","target":{"@type":"EntryPoint","urlTemplate":"https:\/\/www.mcmuffin.de\/?s={search_term_string}"},"query-input":{"@type":"PropertyValueSpecification","valueRequired":true,"valueName":"search_term_string"}}],"inLanguage":"de"},{"@type":"Organization","@id":"https:\/\/www.mcmuffin.de\/#organization","name":"gerhardts Werbung","url":"https:\/\/www.mcmuffin.de\/","logo":{"@type":"ImageObject","inLanguage":"de","@id":"https:\/\/www.mcmuffin.de\/#\/schema\/logo\/image\/","url":"https:\/\/www.mcmuffin.de\/wp-content\/uploads\/2020\/03\/Nie-ohne-mein-Angebot3.png","contentUrl":"https:\/\/www.mcmuffin.de\/wp-content\/uploads\/2020\/03\/Nie-ohne-mein-Angebot3.png","width":648,"height":294,"caption":"gerhardts Werbung"},"image":{"@id":"https:\/\/www.mcmuffin.de\/#\/schema\/logo\/image\/"}}]}},"_links":{"self":[{"href":"https:\/\/www.mcmuffin.de\/index.php\/wp-json\/wp\/v2\/pages\/41","targetHints":{"allow":["GET"]}}],"collection":[{"href":"https:\/\/www.mcmuffin.de\/index.php\/wp-json\/wp\/v2\/pages"}],"about":[{"href":"https:\/\/www.mcmuffin.de\/index.php\/wp-json\/wp\/v2\/types\/page"}],"author":[{"embeddable":true,"href":"https:\/\/www.mcmuffin.de\/index.php\/wp-json\/wp\/v2\/users\/1"}],"replies":[{"embeddable":true,"href":"https:\/\/www.mcmuffin.de\/index.php\/wp-json\/wp\/v2\/comments?post=41"}],"version-history":[{"count":3,"href":"https:\/\/www.mcmuffin.de\/index.php\/wp-json\/wp\/v2\/pages\/41\/revisions"}],"predecessor-version":[{"id":2308,"href":"https:\/\/www.mcmuffin.de\/index.php\/wp-json\/wp\/v2\/pages\/41\/revisions\/2308"}],"wp:featuredmedia":[{"embeddable":true,"href":"https:\/\/www.mcmuffin.de\/index.php\/wp-json\/wp\/v2\/media\/273"}],"wp:attachment":[{"href":"https:\/\/www.mcmuffin.de\/index.php\/wp-json\/wp\/v2\/media?parent=41"}],"curies":[{"name":"wp","href":"https:\/\/api.w.org\/{rel}","templated":true}]}}