{"id":20,"date":"2018-10-31T15:51:18","date_gmt":"2018-10-31T14:51:18","guid":{"rendered":"https:\/\/www.mcmuffin.de\/?page_id=20"},"modified":"2025-01-30T17:03:36","modified_gmt":"2025-01-30T16:03:36","slug":"praxisschilder","status":"publish","type":"page","link":"https:\/\/www.mcmuffin.de\/index.php\/praxisschilder\/","title":{"rendered":"Praxisschilder"},"content":{"rendered":"<p>[et_pb_section fb_built=&#8220;1&#8243; next_background_color=&#8220;#005e89&#8243; admin_label=&#8220;Sektion&#8220; _builder_version=&#8220;4.16&#8243; use_background_color_gradient=&#8220;on&#8220; background_color_gradient_direction=&#8220;163deg&#8220; background_color_gradient_stops=&#8220;#005e89 0%|rgba(0,0,0,0.39) 100%&#8220; background_color_gradient_overlays_image=&#8220;on&#8220; background_color_gradient_start=&#8220;#005e89&#8243; background_color_gradient_end=&#8220;rgba(0,0,0,0.39)&#8220; background_image=&#8220;https:\/\/www.mcmuffin.de\/wp-content\/uploads\/2024\/10\/Praxisschild_freistehend.jpg&#8220; min_height=&#8220;683px&#8220; custom_padding=&#8220;110px|0px|1px|0px|false|false&#8220; bottom_divider_style=&#8220;ramp2&#8243; bottom_divider_height=&#8220;191px&#8220; bottom_divider_flip=&#8220;horizontal&#8220; animation_style=&#8220;zoom&#8220; animation_intensity_zoom=&#8220;4%&#8220; global_colors_info=&#8220;{}&#8220;][et_pb_row _builder_version=&#8220;4.16&#8243; global_colors_info=&#8220;{}&#8220;][et_pb_column type=&#8220;4_4&#8243; _builder_version=&#8220;4.16&#8243; global_colors_info=&#8220;{}&#8220;][et_pb_text _builder_version=&#8220;4.27.4&#8243; hover_enabled=&#8220;0&#8243; global_colors_info=&#8220;{}&#8220; text_font_size=&#8220;1em&#8220; text_font_size_last_edited=&#8220;on|phone&#8220; sticky_enabled=&#8220;0&#8243; text_font_size_tablet=&#8220;1em&#8220; text_font_size_phone=&#8220;1em&#8220;]<\/p>\n<p>Rechtsanwalt | Arztpraxis | Steuerberater<\/p>\n<p>[\/et_pb_text][et_pb_text _builder_version=&#8220;4.27.4&#8243; hover_enabled=&#8220;0&#8243; global_colors_info=&#8220;{}&#8220; header_font_size=&#8220;4em&#8220; sticky_enabled=&#8220;0&#8243; header_line_height=&#8220;1.2em&#8220; header_font_size_last_edited=&#8220;on|phone&#8220; header_font_size_tablet=&#8220;3em&#8220; header_font_size_phone=&#8220;2em&#8220;]<\/p>\n<h1>Praxisschilder<\/h1>\n<h1>Kanzleischilder<\/h1>\n<p>[\/et_pb_text][et_pb_text _builder_version=&#8220;4.27.4&#8243; text_font=&#8220;Montserrat|500|||||||&#8220; hover_enabled=&#8220;0&#8243; global_colors_info=&#8220;{}&#8220; text_font_size=&#8220;2em&#8220; text_line_height=&#8220;1.6em&#8220; sticky_enabled=&#8220;0&#8243; text_font_size_last_edited=&#8220;on|phone&#8220; text_font_size_tablet=&#8220;1.5em&#8220; text_font_size_phone=&#8220;1em&#8220;]<\/p>\n<p>Aush\u00e4ngeschild f\u00fcr Artzpraxen<br \/>und Kanzleien mit einem<br \/>soften Touch von Werbung<\/p>\n<p>[\/et_pb_text][\/et_pb_column][\/et_pb_row][\/et_pb_section][et_pb_section fb_built=&#8220;1&#8243; _builder_version=&#8220;4.27.4&#8243; background_color=&#8220;#005e89&#8243; custom_padding=&#8220;32px||41px||false|false&#8220; bottom_divider_style=&#8220;arrow&#8220; bottom_divider_color=&#8220;#ffffff&#8220; hover_enabled=&#8220;0&#8243; global_colors_info=&#8220;{}&#8220; bottom_divider_height_last_edited=&#8220;on|desktop&#8220; bottom_divider_height=&#8220;78px&#8220; custom_padding_last_edited=&#8220;on|phone&#8220; sticky_enabled=&#8220;0&#8243; bottom_divider_height_tablet=&#8220;78px&#8220; bottom_divider_height_phone=&#8220;78px&#8220; custom_padding_tablet=&#8220;32px||41px||false|false&#8220; custom_padding_phone=&#8220;32px||41px||false|false&#8220;][et_pb_row _builder_version=&#8220;4.16&#8243; global_colors_info=&#8220;{}&#8220;][et_pb_column type=&#8220;4_4&#8243; _builder_version=&#8220;4.16&#8243; global_colors_info=&#8220;{}&#8220;][et_pb_text _builder_version=&#8220;4.27.4&#8243; header_text_align=&#8220;center&#8220; header_text_color=&#8220;#ffffff&#8220; header_font_size=&#8220;44px&#8220; module_alignment=&#8220;center&#8220; hover_enabled=&#8220;0&#8243; global_colors_info=&#8220;{}&#8220; header_2_font=&#8220;|||on|||||&#8220; header_2_text_align=&#8220;center&#8220; sticky_enabled=&#8220;0&#8243; header_2_font_size=&#8220;4em&#8220; header_2_font_size_last_edited=&#8220;on|phone&#8220; header_2_font_size_tablet=&#8220;3em&#8220; header_2_font_size_phone=&#8220;2em&#8220;]<\/p>\n<h2>Schilder f\u00fcr<br \/>Praxis und Kanzlei<\/h2>\n<p>[\/et_pb_text][\/et_pb_column][\/et_pb_row][\/et_pb_section][et_pb_section fb_built=&#8220;1&#8243; next_background_color=&#8220;#005E89&#8243; admin_label=&#8220;section&#8220; _builder_version=&#8220;4.16&#8243; background_color=&#8220;#005e89&#8243; custom_padding=&#8220;0px||||false|false&#8220; bottom_divider_style=&#8220;arrow&#8220; global_colors_info=&#8220;{}&#8220;][et_pb_row column_structure=&#8220;2_3,1_3&#8243; make_equal=&#8220;on&#8220; admin_label=&#8220;row&#8220; _builder_version=&#8220;4.27.4&#8243; background_size=&#8220;initial&#8220; background_position=&#8220;top_left&#8220; background_repeat=&#8220;repeat&#8220; custom_margin=&#8220;48px|257px||auto||&#8220; custom_padding=&#8220;34px|||||&#8220; hover_enabled=&#8220;0&#8243; global_colors_info=&#8220;{}&#8220; module_alignment=&#8220;center&#8220; sticky_enabled=&#8220;0&#8243;][et_pb_column type=&#8220;2_3&#8243; _builder_version=&#8220;4.27.4&#8243; custom_padding=&#8220;|||&#8220; hover_enabled=&#8220;0&#8243; global_colors_info=&#8220;{}&#8220; custom_padding__hover=&#8220;|||&#8220; sticky_enabled=&#8220;0&#8243;][et_pb_text admin_label=&#8220;Text&#8220; _builder_version=&#8220;4.27.4&#8243; text_font=&#8220;Montserrat|500|||||||&#8220; text_font_size=&#8220;1.5em&#8220; hover_enabled=&#8220;0&#8243; global_colors_info=&#8220;{}&#8220; text_line_height=&#8220;1.5em&#8220; sticky_enabled=&#8220;0&#8243; text_font_size_last_edited=&#8220;on|phone&#8220; text_font_size_tablet=&#8220;1.3em&#8220; text_font_size_phone=&#8220;1.1em&#8220; width=&#8220;80%&#8220; module_alignment=&#8220;center&#8220; width_last_edited=&#8220;on|phone&#8220; width_tablet=&#8220;80%&#8220; width_phone=&#8220;80%&#8220; custom_margin=&#8220;||||false|false&#8220; text_orientation_last_edited=&#8220;on|phone&#8220; text_orientation_phone=&#8220;center&#8220;]<\/p>\n<p>F\u00fcr die korrekte Beschilderung Ihrer Praxis oder Kanzlei fertigen wir das passende Schild sowohl f\u00fcr innen\u00a0als auch au\u00dfen. Wir liefern\u00a0Kanzleischilder und Praxisschilder\u00a0zur Selbstmontage oder bieten einen Komplettservice. Durch den Einsatz haltbarer Materialien wie Acryl, Edelstahl, Glas oder auch Holz sind die Gestaltungsm\u00f6glichkeiten vielfach. Auch die Kombination verschiedener Materialien lassen einzigartige und edle Praxisschilder und Kanzleischilder entstehen. F\u00fcr Gemeinschaftspraxen oder Gemeinschaftsb\u00fcros werden\u00a0<strong>Schilderanlagen<\/strong>\u00a0in freistehender Ausf\u00fchrung und zur Wandmontage konstruiert und gefertigt. Die Kanzleischilder sowie die Praxisschilder sind einzeln austauschbar. \u00a0Klingelkn\u00f6pfe oder Briefk\u00e4sten k\u00f6nnen direkt mit eingebunden werden.\u00a0Verschiedene Beleuchtungen k\u00f6nnen vorgesehen werden. \u00a0F\u00fcr die Beschriftung der\u00a0Praxisschilder kommen Folientechnik und Gravur zum Einsatz. Als Erg\u00e4nzung zu den\u00a0Kanzleischildern k\u00f6nnen Direktbeschriftungen z.B. auf Glast\u00fcren gefertigt werden. Wir \u00fcbernehmen auch die komplette Geb\u00e4udebeschilderung in der Praxis. Sowohl Etagenschilder als auch Hinweisschilder und T\u00fcrschilder in der Praxisr\u00e4umen werden mit einer schl\u00fcssigen Optik geplant und gerfertigt.<\/p>\n<p>[\/et_pb_text][\/et_pb_column][et_pb_column type=&#8220;1_3&#8243; _builder_version=&#8220;4.27.4&#8243; background_color=&#8220;rgba(255,255,255,0.23)&#8220; custom_padding=&#8220;|||&#8220; global_colors_info=&#8220;{}&#8220; custom_padding__hover=&#8220;|||&#8220;][et_pb_image src=&#8220;https:\/\/www.mcmuffin.de\/wp-content\/uploads\/2025\/01\/Kanzleischild_Rechtsanwalt.jpg&#8220; alt=&#8220;Kanzleischild f\u00fcr einen Rechtsanwalt&#8220; title_text=&#8220;Kanzleischild_Rechtsanwalt&#8220; _builder_version=&#8220;4.27.4&#8243; _module_preset=&#8220;default&#8220; global_colors_info=&#8220;{}&#8220;][\/et_pb_image][et_pb_text _builder_version=&#8220;4.27.4&#8243; _module_preset=&#8220;default&#8220; text_font=&#8220;Montserrat|500|||||||&#8220; text_font_size=&#8220;1em&#8220; text_line_height=&#8220;2.2em&#8220; header_3_font_size=&#8220;2em&#8220; header_3_line_height=&#8220;2.4em&#8220; custom_padding=&#8220;1em|1em|1em|1em|true|true&#8220; global_colors_info=&#8220;{}&#8220;]<\/p>\n<h3>Kanzleischild<\/h3>\n<p>Kanzleischiler m\u00fcssen nicht immer einfach nur wei\u00df mit schwarzer Schrift. Kleine aufgesetzte Applikationen k\u00f6nnen den Charme deutlich ver\u00e4ndern.<\/p>\n<p>[\/et_pb_text][\/et_pb_column][\/et_pb_row][\/et_pb_section][et_pb_section fb_built=&#8220;1&#8243; _builder_version=&#8220;4.27.4&#8243; _module_preset=&#8220;default&#8220; background_color=&#8220;#005E89&#8243; global_colors_info=&#8220;{}&#8220;][et_pb_row column_structure=&#8220;1_2,1_2&#8243; _builder_version=&#8220;4.27.4&#8243; _module_preset=&#8220;default&#8220; global_colors_info=&#8220;{}&#8220;][et_pb_column type=&#8220;1_2&#8243; _builder_version=&#8220;4.27.4&#8243; _module_preset=&#8220;default&#8220; global_colors_info=&#8220;{}&#8220;][et_pb_text _builder_version=&#8220;4.27.4&#8243; _module_preset=&#8220;default&#8220; header_3_font_size=&#8220;2em&#8220; header_3_line_height=&#8220;1.3em&#8220; global_colors_info=&#8220;{}&#8220;]<\/p>\n<h3>Typische Anwendung f\u00fcr Praxisschilder und Kanzleischilder<\/h3>\n<p>[\/et_pb_text][\/et_pb_column][et_pb_column type=&#8220;1_2&#8243; _builder_version=&#8220;4.27.4&#8243; _module_preset=&#8220;default&#8220; global_colors_info=&#8220;{}&#8220;][\/et_pb_column][\/et_pb_row][et_pb_row column_structure=&#8220;1_2,1_2&#8243; _builder_version=&#8220;4.27.4&#8243; _module_preset=&#8220;default&#8220; global_colors_info=&#8220;{}&#8220;][et_pb_column type=&#8220;1_2&#8243; _builder_version=&#8220;4.27.4&#8243; _module_preset=&#8220;default&#8220; global_colors_info=&#8220;{}&#8220;][et_pb_blurb title=&#8220;Offnungszeiten Arztpraxis&#8220; use_icon=&#8220;on&#8220; font_icon=&#8220;&#xe012;||divi||400&#8243; icon_color=&#8220;#ffffff&#8220; icon_placement=&#8220;left&#8220; image_icon_width=&#8220;57px&#8220; _builder_version=&#8220;4.16&#8243; header_font=&#8220;|700|||||||&#8220; header_text_color=&#8220;#005e89&#8243; body_text_color=&#8220;#ffffff&#8220; background_color=&#8220;rgba(255,255,255,0.31)&#8220; custom_padding=&#8220;12px||19px|||&#8220; icon_font_size=&#8220;57px&#8220; global_colors_info=&#8220;{}&#8220;]<\/p>\n<p>Praxissxhilder mit den passenden Angaben zur FAchrichtung und ein separates Schild mit den Sprechzeiten. Eine Teledonnummer f\u00fcr Notf\u00e4lle. So geht Kundenfreundlichkeit<\/p>\n<p>[\/et_pb_blurb][et_pb_blurb title=&#8220;Notar Schilder&#8220; use_icon=&#8220;on&#8220; font_icon=&#8220;&#xe012;||divi||400&#8243; icon_color=&#8220;#ffffff&#8220; icon_placement=&#8220;left&#8220; image_icon_width=&#8220;57px&#8220; _builder_version=&#8220;4.16&#8243; header_font=&#8220;|700|||||||&#8220; header_text_color=&#8220;#005e89&#8243; body_text_color=&#8220;#ffffff&#8220; background_color=&#8220;rgba(255,255,255,0.31)&#8220; custom_padding=&#8220;12px||19px|||&#8220; icon_font_size=&#8220;57px&#8220; global_colors_info=&#8220;{}&#8220;]<\/p>\n<p>An der T\u00fcre das passende Kanleischild. Mit der Information auf welcher Etage. Im Treppenhaus oder im Fahrstuhl die entsprechenden Hinweise ob man auf dem richitgen Weg ist.\u00a0<\/p>\n<p>[\/et_pb_blurb][\/et_pb_column][et_pb_column type=&#8220;1_2&#8243; _builder_version=&#8220;4.27.4&#8243; _module_preset=&#8220;default&#8220; global_colors_info=&#8220;{}&#8220;][et_pb_blurb title=&#8220;Kanzleischild&#8220; use_icon=&#8220;on&#8220; font_icon=&#8220;&#xe012;||divi||400&#8243; icon_color=&#8220;#ffffff&#8220; icon_placement=&#8220;left&#8220; image_icon_width=&#8220;57px&#8220; _builder_version=&#8220;4.16&#8243; header_font=&#8220;|700|||||||&#8220; header_text_color=&#8220;#005e89&#8243; body_text_color=&#8220;#ffffff&#8220; background_color=&#8220;rgba(255,255,255,0.31)&#8220; custom_padding=&#8220;12px||19px|||&#8220; icon_font_size=&#8220;57px&#8220; global_colors_info=&#8220;{}&#8220;]<\/p>\n<p>Die Anwaltskanzlei darf man ruhig gut finden. Das passende Kanzleischild hilft dabei. Geschickt gestaltet ist es zudem dann auch noch werbung das Wirkungsfeld<\/p>\n<p>[\/et_pb_blurb][\/et_pb_column][\/et_pb_row][\/et_pb_section]<\/p>\n","protected":false},"excerpt":{"rendered":"<p>Rechtsanwalt | Arztpraxis | SteuerberaterPraxisschilder KanzleischilderAush\u00e4ngeschild f\u00fcr Artzpraxenund Kanzleien mit einemsoften Touch von WerbungSchilder f\u00fcrPraxis und KanzleiF\u00fcr die korrekte Beschilderung Ihrer Praxis oder Kanzlei fertigen wir das passende Schild sowohl f\u00fcr innen\u00a0als auch au\u00dfen. Wir liefern\u00a0Kanzleischilder und Praxisschilder\u00a0zur Selbstmontage oder bieten einen Komplettservice. Durch den Einsatz haltbarer Materialien wie Acryl, Edelstahl, Glas oder auch Holz [&hellip;]<\/p>\n","protected":false},"author":1,"featured_media":0,"parent":0,"menu_order":0,"comment_status":"closed","ping_status":"closed","template":"","meta":{"_et_pb_use_builder":"on","_et_pb_old_content":"<h2>Praxisschilder f\u00fcr Praxen und Kanzleien (Kanzleischilder)<\/h2>\r\nF\u00fcr die korrekte Beschilderung Ihrer Praxis oder Kanzlei fertigen wir das passende Schild sowohl f\u00fcr innen\u00a0als auch au\u00dfen. Wie liefern\u00a0Kanzleischilder und Praxisschilder\u00a0zur Selbstmontage oder bieten einen Komplettservice. Durch den Einsatz haltbarer Materialien wie Acryl, Edelstahl, Glas oder auch Holz sind die Gestaltungsm\u00f6glichkeiten vielfach. Auch die Kombination verschiedener Materialien lassen einzigartige und edle Praxisschilder und Kanzleischilder entstehen. F\u00fcr Gemeinschaftspraxen oder Gemeinschaftsb\u00fcros werden\u00a0<strong>Schilderanlagen<\/strong>\u00a0in freistehender Ausf\u00fchrung und zur Wandmontage konstruiert und gefertigt. Die Kanzleischilder sowie die Praxisschilder sind einzeln austauschbar. \u00a0Klingelkn\u00f6pfe oder Briefk\u00e4sten k\u00f6nnen direkt mit eingebunden werden.\u00a0Verschiedene Beleuchtungen k\u00f6nnen vorgesehen werden. \u00a0F\u00fcr die Beschriftung der\u00a0Praxisschilder kommen Folientechnik und Gravur zum Einsatz. Als Erg\u00e4nzung zu den\u00a0Kanzleischildern k\u00f6nnen Direktbeschriftungen z.B. auf Glast\u00fcren gefertigt werden. Wir \u00fcbernehmen auch die komplette Geb\u00e4udebeschilderung in der Praxis. Sowohl Etagenschilder als auch Hinweisschilder und T\u00fcrschilder in der Praxisr\u00e4umen werden mit einer schl\u00fcssigen Optik geplant und gerfertigt.","_et_gb_content_width":"","footnotes":""},"class_list":["post-20","page","type-page","status-publish","hentry"],"yoast_head":"<!-- This site is optimized with the Yoast SEO plugin v26.6 - https:\/\/yoast.com\/wordpress\/plugins\/seo\/ -->\n<title>Praxisschilder - gerhardts Werbung<\/title>\n<meta name=\"robots\" content=\"index, follow, max-snippet:-1, max-image-preview:large, max-video-preview:-1\" \/>\n<link rel=\"canonical\" href=\"https:\/\/www.mcmuffin.de\/index.php\/praxisschilder\/\" \/>\n<meta property=\"og:locale\" content=\"de_DE\" \/>\n<meta property=\"og:type\" content=\"article\" \/>\n<meta property=\"og:title\" content=\"Praxisschilder - gerhardts Werbung\" \/>\n<meta property=\"og:description\" content=\"Rechtsanwalt | Arztpraxis | SteuerberaterPraxisschilder KanzleischilderAush\u00e4ngeschild f\u00fcr Artzpraxenund Kanzleien mit einemsoften Touch von WerbungSchilder f\u00fcrPraxis und KanzleiF\u00fcr die korrekte Beschilderung Ihrer Praxis oder Kanzlei fertigen wir das passende Schild sowohl f\u00fcr innen\u00a0als auch au\u00dfen. Wir liefern\u00a0Kanzleischilder und Praxisschilder\u00a0zur Selbstmontage oder bieten einen Komplettservice. Durch den Einsatz haltbarer Materialien wie Acryl, Edelstahl, Glas oder auch Holz [&hellip;]\" \/>\n<meta property=\"og:url\" content=\"https:\/\/www.mcmuffin.de\/index.php\/praxisschilder\/\" \/>\n<meta property=\"og:site_name\" content=\"gerhardts Werbung\" \/>\n<meta property=\"article:modified_time\" content=\"2025-01-30T16:03:36+00:00\" \/>\n<meta name=\"twitter:card\" content=\"summary_large_image\" \/>\n<meta name=\"twitter:label1\" content=\"Gesch\u00e4tzte Lesezeit\" \/>\n\t<meta name=\"twitter:data1\" content=\"6\u00a0Minuten\" \/>\n<script type=\"application\/ld+json\" class=\"yoast-schema-graph\">{\"@context\":\"https:\/\/schema.org\",\"@graph\":[{\"@type\":\"WebPage\",\"@id\":\"https:\/\/www.mcmuffin.de\/index.php\/praxisschilder\/\",\"url\":\"https:\/\/www.mcmuffin.de\/index.php\/praxisschilder\/\",\"name\":\"Praxisschilder - gerhardts Werbung\",\"isPartOf\":{\"@id\":\"https:\/\/www.mcmuffin.de\/#website\"},\"datePublished\":\"2018-10-31T14:51:18+00:00\",\"dateModified\":\"2025-01-30T16:03:36+00:00\",\"breadcrumb\":{\"@id\":\"https:\/\/www.mcmuffin.de\/index.php\/praxisschilder\/#breadcrumb\"},\"inLanguage\":\"de\",\"potentialAction\":[{\"@type\":\"ReadAction\",\"target\":[\"https:\/\/www.mcmuffin.de\/index.php\/praxisschilder\/\"]}]},{\"@type\":\"BreadcrumbList\",\"@id\":\"https:\/\/www.mcmuffin.de\/index.php\/praxisschilder\/#breadcrumb\",\"itemListElement\":[{\"@type\":\"ListItem\",\"position\":1,\"name\":\"Startseite\",\"item\":\"https:\/\/www.mcmuffin.de\/\"},{\"@type\":\"ListItem\",\"position\":2,\"name\":\"Praxisschilder\"}]},{\"@type\":\"WebSite\",\"@id\":\"https:\/\/www.mcmuffin.de\/#website\",\"url\":\"https:\/\/www.mcmuffin.de\/\",\"name\":\"gerhardts Werbung\",\"description\":\"Deine Vision sichtbar\",\"publisher\":{\"@id\":\"https:\/\/www.mcmuffin.de\/#organization\"},\"potentialAction\":[{\"@type\":\"SearchAction\",\"target\":{\"@type\":\"EntryPoint\",\"urlTemplate\":\"https:\/\/www.mcmuffin.de\/?s={search_term_string}\"},\"query-input\":{\"@type\":\"PropertyValueSpecification\",\"valueRequired\":true,\"valueName\":\"search_term_string\"}}],\"inLanguage\":\"de\"},{\"@type\":\"Organization\",\"@id\":\"https:\/\/www.mcmuffin.de\/#organization\",\"name\":\"gerhardts Werbung\",\"url\":\"https:\/\/www.mcmuffin.de\/\",\"logo\":{\"@type\":\"ImageObject\",\"inLanguage\":\"de\",\"@id\":\"https:\/\/www.mcmuffin.de\/#\/schema\/logo\/image\/\",\"url\":\"https:\/\/www.mcmuffin.de\/wp-content\/uploads\/2020\/03\/Nie-ohne-mein-Angebot3.png\",\"contentUrl\":\"https:\/\/www.mcmuffin.de\/wp-content\/uploads\/2020\/03\/Nie-ohne-mein-Angebot3.png\",\"width\":648,\"height\":294,\"caption\":\"gerhardts Werbung\"},\"image\":{\"@id\":\"https:\/\/www.mcmuffin.de\/#\/schema\/logo\/image\/\"}}]}<\/script>\n<!-- \/ Yoast SEO plugin. -->","yoast_head_json":{"title":"Praxisschilder - gerhardts Werbung","robots":{"index":"index","follow":"follow","max-snippet":"max-snippet:-1","max-image-preview":"max-image-preview:large","max-video-preview":"max-video-preview:-1"},"canonical":"https:\/\/www.mcmuffin.de\/index.php\/praxisschilder\/","og_locale":"de_DE","og_type":"article","og_title":"Praxisschilder - gerhardts Werbung","og_description":"Rechtsanwalt | Arztpraxis | SteuerberaterPraxisschilder KanzleischilderAush\u00e4ngeschild f\u00fcr Artzpraxenund Kanzleien mit einemsoften Touch von WerbungSchilder f\u00fcrPraxis und KanzleiF\u00fcr die korrekte Beschilderung Ihrer Praxis oder Kanzlei fertigen wir das passende Schild sowohl f\u00fcr innen\u00a0als auch au\u00dfen. Wir liefern\u00a0Kanzleischilder und Praxisschilder\u00a0zur Selbstmontage oder bieten einen Komplettservice. Durch den Einsatz haltbarer Materialien wie Acryl, Edelstahl, Glas oder auch Holz [&hellip;]","og_url":"https:\/\/www.mcmuffin.de\/index.php\/praxisschilder\/","og_site_name":"gerhardts Werbung","article_modified_time":"2025-01-30T16:03:36+00:00","twitter_card":"summary_large_image","twitter_misc":{"Gesch\u00e4tzte Lesezeit":"6\u00a0Minuten"},"schema":{"@context":"https:\/\/schema.org","@graph":[{"@type":"WebPage","@id":"https:\/\/www.mcmuffin.de\/index.php\/praxisschilder\/","url":"https:\/\/www.mcmuffin.de\/index.php\/praxisschilder\/","name":"Praxisschilder - gerhardts Werbung","isPartOf":{"@id":"https:\/\/www.mcmuffin.de\/#website"},"datePublished":"2018-10-31T14:51:18+00:00","dateModified":"2025-01-30T16:03:36+00:00","breadcrumb":{"@id":"https:\/\/www.mcmuffin.de\/index.php\/praxisschilder\/#breadcrumb"},"inLanguage":"de","potentialAction":[{"@type":"ReadAction","target":["https:\/\/www.mcmuffin.de\/index.php\/praxisschilder\/"]}]},{"@type":"BreadcrumbList","@id":"https:\/\/www.mcmuffin.de\/index.php\/praxisschilder\/#breadcrumb","itemListElement":[{"@type":"ListItem","position":1,"name":"Startseite","item":"https:\/\/www.mcmuffin.de\/"},{"@type":"ListItem","position":2,"name":"Praxisschilder"}]},{"@type":"WebSite","@id":"https:\/\/www.mcmuffin.de\/#website","url":"https:\/\/www.mcmuffin.de\/","name":"gerhardts Werbung","description":"Deine Vision sichtbar","publisher":{"@id":"https:\/\/www.mcmuffin.de\/#organization"},"potentialAction":[{"@type":"SearchAction","target":{"@type":"EntryPoint","urlTemplate":"https:\/\/www.mcmuffin.de\/?s={search_term_string}"},"query-input":{"@type":"PropertyValueSpecification","valueRequired":true,"valueName":"search_term_string"}}],"inLanguage":"de"},{"@type":"Organization","@id":"https:\/\/www.mcmuffin.de\/#organization","name":"gerhardts Werbung","url":"https:\/\/www.mcmuffin.de\/","logo":{"@type":"ImageObject","inLanguage":"de","@id":"https:\/\/www.mcmuffin.de\/#\/schema\/logo\/image\/","url":"https:\/\/www.mcmuffin.de\/wp-content\/uploads\/2020\/03\/Nie-ohne-mein-Angebot3.png","contentUrl":"https:\/\/www.mcmuffin.de\/wp-content\/uploads\/2020\/03\/Nie-ohne-mein-Angebot3.png","width":648,"height":294,"caption":"gerhardts Werbung"},"image":{"@id":"https:\/\/www.mcmuffin.de\/#\/schema\/logo\/image\/"}}]}},"_links":{"self":[{"href":"https:\/\/www.mcmuffin.de\/index.php\/wp-json\/wp\/v2\/pages\/20","targetHints":{"allow":["GET"]}}],"collection":[{"href":"https:\/\/www.mcmuffin.de\/index.php\/wp-json\/wp\/v2\/pages"}],"about":[{"href":"https:\/\/www.mcmuffin.de\/index.php\/wp-json\/wp\/v2\/types\/page"}],"author":[{"embeddable":true,"href":"https:\/\/www.mcmuffin.de\/index.php\/wp-json\/wp\/v2\/users\/1"}],"replies":[{"embeddable":true,"href":"https:\/\/www.mcmuffin.de\/index.php\/wp-json\/wp\/v2\/comments?post=20"}],"version-history":[{"count":3,"href":"https:\/\/www.mcmuffin.de\/index.php\/wp-json\/wp\/v2\/pages\/20\/revisions"}],"predecessor-version":[{"id":3384,"href":"https:\/\/www.mcmuffin.de\/index.php\/wp-json\/wp\/v2\/pages\/20\/revisions\/3384"}],"wp:attachment":[{"href":"https:\/\/www.mcmuffin.de\/index.php\/wp-json\/wp\/v2\/media?parent=20"}],"curies":[{"name":"wp","href":"https:\/\/api.w.org\/{rel}","templated":true}]}}